{"id":81,"date":"2021-08-15T17:53:19","date_gmt":"2021-08-15T17:53:19","guid":{"rendered":"https:\/\/new.galeriemariannegrob.com\/?page_id=81"},"modified":"2022-08-04T19:37:21","modified_gmt":"2022-08-04T19:37:21","slug":"cecile-wick","status":"publish","type":"page","link":"https:\/\/galeriemariannegrob.com\/?page_id=81","title":{"rendered":"c\u00e9cile wick"},"content":{"rendered":"\n<div style=\"height:100px\" aria-hidden=\"true\" class=\"wp-block-spacer trenner\"><\/div>\n\n\n\n<div class=\"wp-block-getwid-section middlesection getwid-section-content-full-width\"><div class=\"wp-block-getwid-section__wrapper\" style=\"min-height:500px\"><div class=\"wp-block-getwid-section__inner-wrapper\"><div class=\"wp-block-getwid-section__background-holder\"><div class=\"wp-block-getwid-section__background\"><\/div><div class=\"wp-block-getwid-section__foreground\"><\/div><\/div><div class=\"wp-block-getwid-section__content\"><div class=\"wp-block-getwid-section__inner-content\"><div class=\"wp-block-image\">\n<figure class=\"aligncenter size-full\"><img loading=\"lazy\" decoding=\"async\" width=\"350\" height=\"350\" src=\"https:\/\/galeriemariannegrob.com\/wp-content\/uploads\/2022\/02\/Wick.jpg\" alt=\"\" class=\"wp-image-1874\" srcset=\"https:\/\/galeriemariannegrob.com\/wp-content\/uploads\/2022\/02\/Wick.jpg 350w, https:\/\/galeriemariannegrob.com\/wp-content\/uploads\/2022\/02\/Wick-300x300.jpg 300w, https:\/\/galeriemariannegrob.com\/wp-content\/uploads\/2022\/02\/Wick-150x150.jpg 150w\" sizes=\"auto, (max-width: 350px) 100vw, 350px\" \/><\/figure>\n<\/div><\/div><\/div><\/div><\/div><\/div>\n\n\n\n<div class=\"wp-block-columns is-layout-flex wp-container-core-columns-is-layout-9d6595d7 wp-block-columns-is-layout-flex\">\n<div class=\"wp-block-column space_mobile is-layout-flow wp-block-column-is-layout-flow\" style=\"flex-basis:55%\">\n<h2 class=\"wp-block-heading\" id=\"cecile-wick\">c\u00e9cile wick<\/h2>\n\n\n\n<figure class=\"wp-block-table\"><table><tbody><tr><td>1954<\/td><td class=\"has-text-align-left\" data-align=\"left\">geboren in muri, ag<\/td><\/tr><tr><td><\/td><td class=\"has-text-align-left\" data-align=\"left\">lebt und arbeitet in z\u00fcrich<\/td><\/tr><tr><td><\/td><td class=\"has-text-align-left\" data-align=\"left\">verschiedene werkbeitr\u00e4ge, lehrauftr\u00e4ge und stipendien<\/td><\/tr><tr><td><\/td><td class=\"has-text-align-left\" data-align=\"left\">erm\u00f6glichten l\u00e4ngere studienaufenthalte in new york, paris, rom, venedig und kairo<\/td><\/tr><tr><td>1974<\/td><td class=\"has-text-align-left\" data-align=\"left\">studium in kunstgeschichte, literatur und theater, universit\u00e4ten z\u00fcrich und paris<\/td><\/tr><tr><td>1980<\/td><td class=\"has-text-align-left\" data-align=\"left\">regelm\u00e4ssige ausstellungen im in- und ausland<\/td><\/tr><tr><td>1998<\/td><td class=\"has-text-align-left\" data-align=\"left\">betreibt sie mit dem k\u00fcnstler peter radelfinger die f.i.r.m.a, eine firma f\u00fcr kunst und kommunikation, die vor allem kunst-und-bau-projekte initiiert und ausf\u00fchrt<\/td><\/tr><tr><td>2003<\/td><td class=\"has-text-align-left\" data-align=\"left\">kunstpreis des kantons z\u00fcrich<\/td><\/tr><tr><td>2015<\/td><td class=\"has-text-align-left\" data-align=\"left\">professorin an der z\u00fcrcher hochschule der k\u00fcnste<\/td><\/tr><\/tbody><\/table><\/figure>\n\n\n\n<p>auswahl ausstellungen<\/p>\n\n\n\n<div class=\"wp-block-columns is-layout-flex wp-container-core-columns-is-layout-9d6595d7 wp-block-columns-is-layout-flex\">\n<div class=\"wp-block-column is-layout-flow wp-block-column-is-layout-flow\" style=\"flex-basis:66.66%\">\n<figure class=\"wp-block-table\"><table><tbody><tr><td>2022<\/td><td>bis-da-hin, galerie am platz. eglisau, z\u00fcrich<\/td><\/tr><tr><td>2019<\/td><td>c\u00e9cile wick \u2013 marcel scheible, galerie marianne grob<\/td><\/tr><tr><td>2015<\/td><td>brigitta rosenberg<\/td><\/tr><tr><td>2014<\/td><td>tuttiart luzern, fotografien, lithographien, zeichnungen<\/td><\/tr><tr><td>2013<\/td><td>kunstzeughaus rapperswil<br>galerie bernard jordan, z\u00fcrich<\/td><\/tr><tr><td>2011<\/td><td>galerie walter keller, z\u00fcrich<br>galerie und kabinett krethlow, bern<\/td><\/tr><tr><td>2010<\/td><td>galerie apropos, luzern<\/td><\/tr><tr><td>2009<\/td><td>galerie abbt projects, z\u00fcrich<\/td><\/tr><tr><td>2008<\/td><td>casa atelier, bedigliora<br>galeria gottardo lugano, vertige mit jules spinatsch und nicolas faure<\/td><\/tr><tr><td>2007<\/td><td>istituto svizzero, venezia, cielo sopra venezia<\/td><\/tr><tr><td>2006<\/td><td>kunstmuseum bern, welt gesichte | vision du monde<br>art 38 | basel, einzelpr\u00e4sentation durch galerie scalo Z\u00fcrich<br>galerie scalo z\u00fcrich, fotoarbeiten<br>kunstraum okotgon bern, weisse bilder<\/td><\/tr><tr><td>2005<\/td><td>c\u00e9cile wick und peter radelfinger, haus der kunst solothurn<\/td><\/tr><tr><td>2004<\/td><td>galerie luciano fasciati, chur<\/td><\/tr><tr><td>2003<\/td><td>semina rerum \u2014 ir\u00e8ne preiswerk, z\u00fcrich<br>galerie fo\u00ebx, gen\u00e8ve<\/td><\/tr><tr><td>2002<\/td><td>semina rerum \u2014 ir\u00e8ne preiswerk, z\u00fcrich<br>galerie kabinett, bern<\/td><\/tr><tr><td>2001<\/td><td>tuttiart, verduno\/I<\/td><\/tr><tr><td>2000<\/td><td>semina rerum \u2014 ir\u00e8ne preiswerk, z\u00fcrich<br>scalo, new york<br>centro culturale svizzero, milano<br>semina rerum \u2014 ir\u00e8ne preiswerk, kunst 2000 (artfair) z\u00fcrich<br>maria cilena gallery, milano<\/td><\/tr><tr><td>1998<\/td><td>the huberte goote gallery, zug<br>ausbildungszentrum der ubs, wolfsberg, ermatingen<br>see land, museum zu allerheiligen\/kunstverein, schaffhausen und kunstverein, bochum<\/td><\/tr><tr><td>1997<\/td><td>pence gallery, davis, california<br>semina rerum \u2013 ir\u00e8ne preiswerk, z\u00fcrich<\/td><\/tr><tr><td>1995<\/td><td>galerie luciano fasciati, chur<\/td><\/tr><tr><td>1994<\/td><td>kunsthalle winterthur<\/td><\/tr><tr><td>1993<\/td><td>k\u00f6rper-belichtungen, kunsthaus, z\u00fcrich<\/td><\/tr><tr><td>1992<\/td><td>galerie momentary modern, amsterdam<\/td><\/tr><tr><td>1991<\/td><td>photoforum pasquart, biel<\/td><\/tr><tr><td>1990<\/td><td>kunstmuseum des kantons thurgau kartause ittingen, warth<\/td><\/tr><\/tbody><\/table><\/figure>\n<\/div>\n<\/div>\n<\/div>\n<\/div>\n","protected":false},"excerpt":{"rendered":"<p>c\u00e9cile wick 1954 geboren in muri, ag lebt und arbeitet in z\u00fcrich verschiedene werkbeitr\u00e4ge, lehrauftr\u00e4ge und stipendien erm\u00f6glichten l\u00e4ngere studienaufenthalte in new york, paris, rom, venedig und kairo 1974 studium in kunstgeschichte, literatur und theater, universit\u00e4ten z\u00fcrich und paris 1980 regelm\u00e4ssige ausstellungen im in- und ausland 1998 betreibt sie mit dem k\u00fcnstler peter radelfinger die [&hellip;]<\/p>\n","protected":false},"author":1,"featured_media":0,"parent":11,"menu_order":0,"comment_status":"closed","ping_status":"closed","template":"","meta":{"footnotes":""},"class_list":["post-81","page","type-page","status-publish","hentry"],"_links":{"self":[{"href":"https:\/\/galeriemariannegrob.com\/index.php?rest_route=\/wp\/v2\/pages\/81","targetHints":{"allow":["GET"]}}],"collection":[{"href":"https:\/\/galeriemariannegrob.com\/index.php?rest_route=\/wp\/v2\/pages"}],"about":[{"href":"https:\/\/galeriemariannegrob.com\/index.php?rest_route=\/wp\/v2\/types\/page"}],"author":[{"embeddable":true,"href":"https:\/\/galeriemariannegrob.com\/index.php?rest_route=\/wp\/v2\/users\/1"}],"replies":[{"embeddable":true,"href":"https:\/\/galeriemariannegrob.com\/index.php?rest_route=%2Fwp%2Fv2%2Fcomments&post=81"}],"version-history":[{"count":10,"href":"https:\/\/galeriemariannegrob.com\/index.php?rest_route=\/wp\/v2\/pages\/81\/revisions"}],"predecessor-version":[{"id":3114,"href":"https:\/\/galeriemariannegrob.com\/index.php?rest_route=\/wp\/v2\/pages\/81\/revisions\/3114"}],"up":[{"embeddable":true,"href":"https:\/\/galeriemariannegrob.com\/index.php?rest_route=\/wp\/v2\/pages\/11"}],"wp:attachment":[{"href":"https:\/\/galeriemariannegrob.com\/index.php?rest_route=%2Fwp%2Fv2%2Fmedia&parent=81"}],"curies":[{"name":"wp","href":"https:\/\/api.w.org\/{rel}","templated":true}]}}