{"id":80,"date":"2021-08-15T17:53:19","date_gmt":"2021-08-15T17:53:19","guid":{"rendered":"https:\/\/new.galeriemariannegrob.com\/?page_id=80"},"modified":"2022-08-04T19:37:14","modified_gmt":"2022-08-04T19:37:14","slug":"friedricke-van-duiven","status":"publish","type":"page","link":"https:\/\/galeriemariannegrob.com\/?page_id=80","title":{"rendered":"friedrike van duiven"},"content":{"rendered":"\n<div style=\"height:100px\" aria-hidden=\"true\" class=\"wp-block-spacer trenner\"><\/div>\n\n\n\n<div class=\"wp-block-getwid-section middlesection getwid-section-content-full-width\"><div class=\"wp-block-getwid-section__wrapper\" style=\"min-height:500px\"><div class=\"wp-block-getwid-section__inner-wrapper\"><div class=\"wp-block-getwid-section__background-holder\"><div class=\"wp-block-getwid-section__background\"><\/div><div class=\"wp-block-getwid-section__foreground\"><\/div><\/div><div class=\"wp-block-getwid-section__content\"><div class=\"wp-block-getwid-section__inner-content\"><div class=\"wp-block-image\">\n<figure class=\"aligncenter size-full\"><img loading=\"lazy\" decoding=\"async\" width=\"352\" height=\"352\" src=\"https:\/\/galeriemariannegrob.com\/wp-content\/uploads\/2022\/02\/Friederike-van-Duiven-neu-460x460-1.jpg\" alt=\"\" class=\"wp-image-1880\" srcset=\"https:\/\/galeriemariannegrob.com\/wp-content\/uploads\/2022\/02\/Friederike-van-Duiven-neu-460x460-1.jpg 352w, https:\/\/galeriemariannegrob.com\/wp-content\/uploads\/2022\/02\/Friederike-van-Duiven-neu-460x460-1-300x300.jpg 300w, https:\/\/galeriemariannegrob.com\/wp-content\/uploads\/2022\/02\/Friederike-van-Duiven-neu-460x460-1-150x150.jpg 150w\" sizes=\"auto, (max-width: 352px) 100vw, 352px\" \/><\/figure>\n<\/div><\/div><\/div><\/div><\/div><\/div>\n\n\n\n<div class=\"wp-block-columns is-layout-flex wp-container-core-columns-is-layout-9d6595d7 wp-block-columns-is-layout-flex\">\n<div class=\"wp-block-column space_mobile is-layout-flow wp-block-column-is-layout-flow\" style=\"flex-basis:55%\">\n<h2 class=\"wp-block-heading\" id=\"friedricke-van-duiven\">friedricke van duiven<\/h2>\n\n\n\n<figure class=\"wp-block-table\"><table><tbody><tr><td>1962<\/td><td class=\"has-text-align-left\" data-align=\"left\">geboren in k\u00f6ln<\/td><\/tr><tr><td>1985<\/td><td class=\"has-text-align-left\" data-align=\"left\">studium an der fachhochschule f\u00fcr kunst und design in k\u00f6ln fachrichtung freie graphik und malerei (bei prof. sovak)<\/td><\/tr><tr><td>1991<\/td><td class=\"has-text-align-left\" data-align=\"left\">abschlu\u00df studium<\/td><\/tr><tr><td>1992<\/td><td class=\"has-text-align-left\" data-align=\"left\">ernennung zur meistersch\u00fclerin<br>lebt und arbeitet in k\u00f6ln<\/td><\/tr><\/tbody><\/table><\/figure>\n\n\n\n<p>auswahl ausstellungen<\/p>\n\n\n\n<figure class=\"wp-block-table\"><table><tbody><tr><td>2018<\/td><td>galerie marianne grob, schwarzweiss XI<\/td><\/tr><tr><td>2013<\/td><td>galerie marianne grob \u2013 unterwegs on tour: zu gast bei b16, luzern<br>galerie marianne grob \u2013 unterwegs on tour: zu gast bei bmb, amsterdam<\/td><\/tr><tr><td>2009<\/td><td>landschaften galerie m\u00f6ller, bonn (e)<\/td><\/tr><tr><td>2007<\/td><td>galerie marianne grob, berlin, (e) linolschnitt heute st\u00e4dt. galerie bietigheim-bissingen<\/td><\/tr><tr><td>2005<\/td><td>morat institut, freiburg, (e)<\/td><\/tr><tr><td>2004<\/td><td>galerie s65, k\u00f6ln, arbeiten auf papier, linolschnitt heute st\u00e4dt. galerie bietigheim-bissingen<\/td><\/tr><tr><td>2002<\/td><td>richard-haizmann-museum, nieb\u00fcll (e) museum villa zanders, bergisch \u2013 gladbach (e) st\u00e4dt. galerie l\u00fcdenscheid, kein strich zuviel, schwarzwei\u00df VIII, galerie marianne grob, berlin<\/td><\/tr><tr><td>2001<\/td><td>galerie s65, aalst (belgien) st\u00e4dt. galerie bietigheim-bissingen (e) (katalog)<\/td><\/tr><tr><td>2000<\/td><td>galerie marianne grob, berlin (e)<\/td><\/tr><tr><td>1999<\/td><td>k\u00fcnstlersymposion, thema linien (katalog)<\/td><\/tr><tr><td>1998<\/td><td>galerie janine mautsch, k\u00f6ln (e) galerie s65, projektraum, aalst (belgien) (e) st\u00e4dt. galerie l\u00fcdenscheid<\/td><\/tr><tr><td>1997<\/td><td>kunstraum fuhrwerkswaage, k\u00f6ln (katalog) (e)<br>galerie marianne grob, berlin, schwarzweiss IV<br>galerie janine mautsch, k\u00f6ln (e) jahresgabe k\u00f6lnischer kunstverein<\/td><\/tr><tr><td>1996<\/td><td>papierarbeiten\u201c, galerie janine mautsch, k\u00f6ln<\/td><\/tr><tr><td>1995<\/td><td>galerie janine mautsch, k\u00f6ln (e) linolschnitt heute, st\u00e4dtische galerie bietigheim, (katalog)<\/td><\/tr><tr><td>1993<\/td><td>s\u00fcdwestlb stuttgart und mannheim (katalog) 1994 bbk, k\u00f6ln (e)<\/td><\/tr><\/tbody><\/table><\/figure>\n<\/div>\n<\/div>\n","protected":false},"excerpt":{"rendered":"<p>friedricke van duiven 1962 geboren in k\u00f6ln 1985 studium an der fachhochschule f\u00fcr kunst und design in k\u00f6ln fachrichtung freie graphik und malerei (bei prof. sovak) 1991 abschlu\u00df studium 1992 ernennung zur meistersch\u00fclerinlebt und arbeitet in k\u00f6ln auswahl ausstellungen 2018 galerie marianne grob, schwarzweiss XI 2013 galerie marianne grob \u2013 unterwegs on tour: zu gast [&hellip;]<\/p>\n","protected":false},"author":1,"featured_media":0,"parent":11,"menu_order":0,"comment_status":"closed","ping_status":"closed","template":"","meta":{"footnotes":""},"class_list":["post-80","page","type-page","status-publish","hentry"],"_links":{"self":[{"href":"https:\/\/galeriemariannegrob.com\/index.php?rest_route=\/wp\/v2\/pages\/80","targetHints":{"allow":["GET"]}}],"collection":[{"href":"https:\/\/galeriemariannegrob.com\/index.php?rest_route=\/wp\/v2\/pages"}],"about":[{"href":"https:\/\/galeriemariannegrob.com\/index.php?rest_route=\/wp\/v2\/types\/page"}],"author":[{"embeddable":true,"href":"https:\/\/galeriemariannegrob.com\/index.php?rest_route=\/wp\/v2\/users\/1"}],"replies":[{"embeddable":true,"href":"https:\/\/galeriemariannegrob.com\/index.php?rest_route=%2Fwp%2Fv2%2Fcomments&post=80"}],"version-history":[{"count":14,"href":"https:\/\/galeriemariannegrob.com\/index.php?rest_route=\/wp\/v2\/pages\/80\/revisions"}],"predecessor-version":[{"id":3113,"href":"https:\/\/galeriemariannegrob.com\/index.php?rest_route=\/wp\/v2\/pages\/80\/revisions\/3113"}],"up":[{"embeddable":true,"href":"https:\/\/galeriemariannegrob.com\/index.php?rest_route=\/wp\/v2\/pages\/11"}],"wp:attachment":[{"href":"https:\/\/galeriemariannegrob.com\/index.php?rest_route=%2Fwp%2Fv2%2Fmedia&parent=80"}],"curies":[{"name":"wp","href":"https:\/\/api.w.org\/{rel}","templated":true}]}}