{"id":78,"date":"2021-08-15T17:53:19","date_gmt":"2021-08-15T17:53:19","guid":{"rendered":"https:\/\/new.galeriemariannegrob.com\/?page_id=78"},"modified":"2025-10-29T17:05:47","modified_gmt":"2025-10-29T17:05:47","slug":"romy-toxler","status":"publish","type":"page","link":"https:\/\/galeriemariannegrob.com\/?page_id=78","title":{"rendered":"romy troxler"},"content":{"rendered":"\n<div style=\"height:100px\" aria-hidden=\"true\" class=\"wp-block-spacer trenner\"><\/div>\n\n\n\n<div class=\"wp-block-getwid-section middlesection getwid-section-content-full-width\"><div class=\"wp-block-getwid-section__wrapper\" style=\"min-height:500px\"><div class=\"wp-block-getwid-section__inner-wrapper\"><div class=\"wp-block-getwid-section__background-holder\"><div class=\"wp-block-getwid-section__background\"><\/div><div class=\"wp-block-getwid-section__foreground\"><\/div><\/div><div class=\"wp-block-getwid-section__content\"><div class=\"wp-block-getwid-section__inner-content\"><div class=\"wp-block-image\">\n<figure class=\"aligncenter size-full\"><img loading=\"lazy\" decoding=\"async\" width=\"350\" height=\"350\" src=\"https:\/\/galeriemariannegrob.com\/wp-content\/uploads\/2022\/02\/Troxler-1.jpg\" alt=\"\" class=\"wp-image-1868\" srcset=\"https:\/\/galeriemariannegrob.com\/wp-content\/uploads\/2022\/02\/Troxler-1.jpg 350w, https:\/\/galeriemariannegrob.com\/wp-content\/uploads\/2022\/02\/Troxler-1-300x300.jpg 300w, https:\/\/galeriemariannegrob.com\/wp-content\/uploads\/2022\/02\/Troxler-1-150x150.jpg 150w\" sizes=\"auto, (max-width: 350px) 100vw, 350px\" \/><\/figure>\n<\/div><\/div><\/div><\/div><\/div><\/div>\n\n\n\n<div class=\"wp-block-columns is-layout-flex wp-container-core-columns-is-layout-9d6595d7 wp-block-columns-is-layout-flex\">\n<div class=\"wp-block-column space_mobile is-layout-flow wp-block-column-is-layout-flow\" style=\"flex-basis:55%\">\n<h2 class=\"wp-block-heading\" id=\"romy-toxler\">romy troxler <\/h2>\n\n\n\n<figure class=\"wp-block-table\"><table><tbody><tr><td>1986<\/td><td class=\"has-text-align-left\" data-align=\"left\">geboren in basel<\/td><\/tr><tr><td>2006<\/td><td class=\"has-text-align-left\" data-align=\"left\">vorkurs an der schule f\u00fcr gestaltung basel<\/td><\/tr><tr><td>2007<\/td><td class=\"has-text-align-left\" data-align=\"left\">ba art education, hochschule der k\u00fcnste bern, malerei bei albrecht schnider<\/td><\/tr><tr><td>2011<\/td><td class=\"has-text-align-left\" data-align=\"left\">austauschjahr, weissensee kunsthochschule berlin, malerei und zeichnung bei prof. hanns schimansky und christl mudrak<\/td><\/tr><tr><td>2013<\/td><td class=\"has-text-align-left\" data-align=\"left\">ma art education, hochschule der k\u00fcnste bern<\/td><\/tr><tr><td>2018<\/td><td class=\"has-text-align-left\" data-align=\"left\">dozentin f\u00fcr bildnerisches gestalten, p\u00e4dagogische hochschule bern, institut sekundarstufe I<\/td><\/tr><tr><td>2022<\/td><td class=\"has-text-align-left\" data-align=\"left\">gastdozentin am prop\u00e4deutikum bern, schule f\u00fcr gestaltung bern und biel<\/td><\/tr><\/tbody><\/table><\/figure>\n\n\n\n<p><\/p>\n<\/div>\n<\/div>\n\n\n\n<p>auswahl ausstellungen<\/p>\n\n\n\n<div class=\"wp-block-columns is-layout-flex wp-container-core-columns-is-layout-9d6595d7 wp-block-columns-is-layout-flex\">\n<div class=\"wp-block-column is-layout-flow wp-block-column-is-layout-flow\" style=\"flex-basis:66.66%\">\n<figure class=\"wp-block-table\"><table><tbody><tr><td>2025<\/td><td><\/td><\/tr><tr><td>2023<\/td><td>werte im wandel, die kunstsammlung kanton bern zu gast im kunsthaus interlaken<\/td><\/tr><tr><td>2022<\/td><td>cantonale berne jura, riten der farbe, museum franz gertsch, burgdorf<\/td><\/tr><tr><td>2021<\/td><td>positionen III, galerie marianne grob, basel<\/td><\/tr><tr><td>2020<\/td><td>\u00fcberqueren und durchkreuzen, galerie marianne grob, basel<\/td><\/tr><tr><td>2019<\/td><td>salzwerk, salzhaus brugg<\/td><\/tr><tr><td>2018<\/td><td>warme f\u00fcsse auf d\u00fcnnem eis, kunsthalle palazzo, liestal, regionale 19, basel<\/td><\/tr><tr><td>2017<\/td><td>cantonale berne jura 2017-18, kunsthaus pasquart, biel<br>impression 2017, kunsthaus grenchen<\/td><\/tr><tr><td>2016<\/td><td>cantonale berne jura 2016-17, eac (les halles), porrentruy<br>easton, einzelausstellung im rahmen des felix-projekt, bern<\/td><\/tr><tr><td>2015<\/td><td>cantonale berne jura, kunsthalle bern<br>impression 2015. ausstellung f\u00fcr druckgrafik, kunsthaus grenchen<\/td><\/tr><tr><td>2014<\/td><td>zum bleistift: zeichnung, galerie inga kondeyne, berlin<br>gut zum druck, schl\u00f6sschen vorder-bleichenberg<br>kunst_st\u00fccke ins licht getaucht, dock archiv diskurs- und kunstraum, basel<br>imoression national 2013. ausstellung f\u00fcr druckgrafik, kunsthaus grenchen<\/td><\/tr><tr><td>2013<\/td><td>diplomausstellung es geht einfach nicht ohne raum, gemeinsam mit anja braun und lukas veraguth, im alten loeblager, bern<br>impression national 2013. ausstellung f\u00fcr druckgrafik, kunsthaus grenchen<\/td><\/tr><tr><td>2012<\/td><td>gruppenausstellung und daf\u00fcr zahlen wir steuern, tage der offenen t\u00fcr, weissensee kunsthochschule berlin<\/td><\/tr><\/tbody><\/table><\/figure>\n<\/div>\n<\/div>\n","protected":false},"excerpt":{"rendered":"<p>romy troxler 1986 geboren in basel 2006 vorkurs an der schule f\u00fcr gestaltung basel 2007 ba art education, hochschule der k\u00fcnste bern, malerei bei albrecht schnider 2011 austauschjahr, weissensee kunsthochschule berlin, malerei und zeichnung bei prof. hanns schimansky und christl mudrak 2013 ma art education, hochschule der k\u00fcnste bern 2018 dozentin f\u00fcr bildnerisches gestalten, p\u00e4dagogische [&hellip;]<\/p>\n","protected":false},"author":1,"featured_media":0,"parent":11,"menu_order":0,"comment_status":"closed","ping_status":"closed","template":"","meta":{"footnotes":""},"class_list":["post-78","page","type-page","status-publish","hentry"],"_links":{"self":[{"href":"https:\/\/galeriemariannegrob.com\/index.php?rest_route=\/wp\/v2\/pages\/78","targetHints":{"allow":["GET"]}}],"collection":[{"href":"https:\/\/galeriemariannegrob.com\/index.php?rest_route=\/wp\/v2\/pages"}],"about":[{"href":"https:\/\/galeriemariannegrob.com\/index.php?rest_route=\/wp\/v2\/types\/page"}],"author":[{"embeddable":true,"href":"https:\/\/galeriemariannegrob.com\/index.php?rest_route=\/wp\/v2\/users\/1"}],"replies":[{"embeddable":true,"href":"https:\/\/galeriemariannegrob.com\/index.php?rest_route=%2Fwp%2Fv2%2Fcomments&post=78"}],"version-history":[{"count":19,"href":"https:\/\/galeriemariannegrob.com\/index.php?rest_route=\/wp\/v2\/pages\/78\/revisions"}],"predecessor-version":[{"id":4187,"href":"https:\/\/galeriemariannegrob.com\/index.php?rest_route=\/wp\/v2\/pages\/78\/revisions\/4187"}],"up":[{"embeddable":true,"href":"https:\/\/galeriemariannegrob.com\/index.php?rest_route=\/wp\/v2\/pages\/11"}],"wp:attachment":[{"href":"https:\/\/galeriemariannegrob.com\/index.php?rest_route=%2Fwp%2Fv2%2Fmedia&parent=78"}],"curies":[{"name":"wp","href":"https:\/\/api.w.org\/{rel}","templated":true}]}}