{"id":75,"date":"2021-08-15T17:53:19","date_gmt":"2021-08-15T17:53:19","guid":{"rendered":"https:\/\/new.galeriemariannegrob.com\/?page_id=75"},"modified":"2022-08-04T19:36:52","modified_gmt":"2022-08-04T19:36:52","slug":"marcel-scheible","status":"publish","type":"page","link":"https:\/\/galeriemariannegrob.com\/?page_id=75","title":{"rendered":"marcel scheible"},"content":{"rendered":"\n<div style=\"height:100px\" aria-hidden=\"true\" class=\"wp-block-spacer trenner\"><\/div>\n\n\n\n<div class=\"wp-block-getwid-section middlesection getwid-section-content-full-width\"><div class=\"wp-block-getwid-section__wrapper\" style=\"min-height:500px\"><div class=\"wp-block-getwid-section__inner-wrapper\"><div class=\"wp-block-getwid-section__background-holder\"><div class=\"wp-block-getwid-section__background\"><\/div><div class=\"wp-block-getwid-section__foreground\"><\/div><\/div><div class=\"wp-block-getwid-section__content\"><div class=\"wp-block-getwid-section__inner-content\"><div class=\"wp-block-image\">\n<figure class=\"aligncenter size-full\"><img loading=\"lazy\" decoding=\"async\" width=\"350\" height=\"350\" src=\"https:\/\/galeriemariannegrob.com\/wp-content\/uploads\/2022\/02\/Scheible-Atelier-Rueckenfigur.jpg\" alt=\"\" class=\"wp-image-1866\" srcset=\"https:\/\/galeriemariannegrob.com\/wp-content\/uploads\/2022\/02\/Scheible-Atelier-Rueckenfigur.jpg 350w, https:\/\/galeriemariannegrob.com\/wp-content\/uploads\/2022\/02\/Scheible-Atelier-Rueckenfigur-300x300.jpg 300w, https:\/\/galeriemariannegrob.com\/wp-content\/uploads\/2022\/02\/Scheible-Atelier-Rueckenfigur-150x150.jpg 150w\" sizes=\"auto, (max-width: 350px) 100vw, 350px\" \/><\/figure>\n<\/div><\/div><\/div><\/div><\/div><\/div>\n\n\n\n<div class=\"wp-block-columns is-layout-flex wp-container-core-columns-is-layout-9d6595d7 wp-block-columns-is-layout-flex\">\n<div class=\"wp-block-column space_mobile is-layout-flow wp-block-column-is-layout-flow\" style=\"flex-basis:55%\">\n<h2 class=\"wp-block-heading\" id=\"marcel-scheible\">marcel scheible<\/h2>\n\n\n\n<figure class=\"wp-block-table\"><table><tbody><tr><td>1974<\/td><td class=\"has-text-align-left\" data-align=\"left\">geboren, lebt und arbeitet in basel<\/td><\/tr><tr><td>1995<\/td><td class=\"has-text-align-left\" data-align=\"left\">aufenthalt in paris<\/td><\/tr><tr><td>1995<\/td><td class=\"has-text-align-left\" data-align=\"left\">schule f\u00fcr gestaltung basel<br>vorkurs und lehramt f\u00fcr bildende kunst<\/td><\/tr><tr><td>2005<\/td><td class=\"has-text-align-left\" data-align=\"left\">atelierstipendium iaab, bl<br>cit\u00e9 internationale des arts, paris<\/td><\/tr><tr><td>2006<\/td><td class=\"has-text-align-left\" data-align=\"left\">werkbeitrag des kunstkredit basel-stadt<\/td><\/tr><\/tbody><\/table><\/figure>\n<\/div>\n<\/div>\n\n\n\n<p>auswahl ausstellungen<\/p>\n\n\n\n<div class=\"wp-block-columns is-layout-flex wp-container-core-columns-is-layout-9d6595d7 wp-block-columns-is-layout-flex\">\n<div class=\"wp-block-column is-layout-flow wp-block-column-is-layout-flow\" style=\"flex-basis:66.66%\">\n<figure class=\"wp-block-table\"><table><tbody><tr><td>2022<\/td><td>fragmente, kunsthaus palazzo, liestal<\/td><\/tr><tr><td>2021<\/td><td>positionen III, galerie marianne grob, basel<\/td><\/tr><tr><td>2019<\/td><td>c\u00e9cile wick \u2013 marcel scheible, galerie marianne grob,basel<br>ping pong, alfred i. dupont building, miami<\/td><\/tr><tr><td>2018<\/td><td>kunst und bau 512 skulpturen, schulanlage wilmatt, therwil<\/td><\/tr><tr><td>2017<\/td><td>was bisher geschah, kunstkasten, winterthur<br>strewn with cutting flints, kunsthaus L6, freiburg im breisgau<\/td><\/tr><tr><td>2014<\/td><td>kunst und bau schattenkanon, orangerie br\u00fcglingen, basel<br>just what is it \u2026 ?, balzer art projects, basel<\/td><\/tr><tr><td>2012<\/td><td>t\u00fcrme &amp; quadrate, cargo bar, basel<\/td><\/tr><tr><td>2011<\/td><td>same place \u2013 different time, galerie werkstatt und gemeindezentrum, reinach, bl<br>garden glossaire gold und silber, ausstellungsraum der schule f\u00fcr gestaltung und bibliothek f\u00fcr gestaltung, basel<\/td><\/tr><tr><td>2009<\/td><td>doublestilllife, delta galerie, basel<\/td><\/tr><tr><td>2008<\/td><td>streng., doppelausstellung mit christine camenisch, eac les halles, porrentruy<\/td><\/tr><tr><td>2007<\/td><td>galerie im gluri suter huus, wettingen<br>hie und da \u2013 da und dort, kunstraum aarau<\/td><\/tr><tr><td>2006<\/td><td>la suisse existe, ambassade de suisse, paris<\/td><\/tr><tr><td>2004<\/td><td>pinkness, galerie werkstatt, reinach bl<br>shift\/space, galerie irene eikmeier, berlin<\/td><\/tr><tr><td>2003<\/td><td>nischen und zwischenr\u00e4ume, galerie schneider, bonn art gallery, f. hoffmann-la roche, basel<\/td><\/tr><tr><td>2001<\/td><td>hyperstars &amp; publikum, graf &amp; schelble galerie, basel<\/td><\/tr><\/tbody><\/table><\/figure>\n<\/div>\n<\/div>\n","protected":false},"excerpt":{"rendered":"<p>marcel scheible 1974 geboren, lebt und arbeitet in basel 1995 aufenthalt in paris 1995 schule f\u00fcr gestaltung baselvorkurs und lehramt f\u00fcr bildende kunst 2005 atelierstipendium iaab, blcit\u00e9 internationale des arts, paris 2006 werkbeitrag des kunstkredit basel-stadt auswahl ausstellungen 2022 fragmente, kunsthaus palazzo, liestal 2021 positionen III, galerie marianne grob, basel 2019 c\u00e9cile wick \u2013 marcel [&hellip;]<\/p>\n","protected":false},"author":1,"featured_media":0,"parent":11,"menu_order":0,"comment_status":"closed","ping_status":"closed","template":"","meta":{"footnotes":""},"class_list":["post-75","page","type-page","status-publish","hentry"],"_links":{"self":[{"href":"https:\/\/galeriemariannegrob.com\/index.php?rest_route=\/wp\/v2\/pages\/75","targetHints":{"allow":["GET"]}}],"collection":[{"href":"https:\/\/galeriemariannegrob.com\/index.php?rest_route=\/wp\/v2\/pages"}],"about":[{"href":"https:\/\/galeriemariannegrob.com\/index.php?rest_route=\/wp\/v2\/types\/page"}],"author":[{"embeddable":true,"href":"https:\/\/galeriemariannegrob.com\/index.php?rest_route=\/wp\/v2\/users\/1"}],"replies":[{"embeddable":true,"href":"https:\/\/galeriemariannegrob.com\/index.php?rest_route=%2Fwp%2Fv2%2Fcomments&post=75"}],"version-history":[{"count":12,"href":"https:\/\/galeriemariannegrob.com\/index.php?rest_route=\/wp\/v2\/pages\/75\/revisions"}],"predecessor-version":[{"id":3110,"href":"https:\/\/galeriemariannegrob.com\/index.php?rest_route=\/wp\/v2\/pages\/75\/revisions\/3110"}],"up":[{"embeddable":true,"href":"https:\/\/galeriemariannegrob.com\/index.php?rest_route=\/wp\/v2\/pages\/11"}],"wp:attachment":[{"href":"https:\/\/galeriemariannegrob.com\/index.php?rest_route=%2Fwp%2Fv2%2Fmedia&parent=75"}],"curies":[{"name":"wp","href":"https:\/\/api.w.org\/{rel}","templated":true}]}}