{"id":74,"date":"2021-08-15T17:53:19","date_gmt":"2021-08-15T17:53:19","guid":{"rendered":"https:\/\/new.galeriemariannegrob.com\/?page_id=74"},"modified":"2025-12-01T16:55:31","modified_gmt":"2025-12-01T16:55:31","slug":"vera-rothamel","status":"publish","type":"page","link":"https:\/\/galeriemariannegrob.com\/?page_id=74","title":{"rendered":"vera rothamel"},"content":{"rendered":"\n<div style=\"height:100px\" aria-hidden=\"true\" class=\"wp-block-spacer trenner\"><\/div>\n\n\n\n<div class=\"wp-block-getwid-section middlesection getwid-section-content-full-width\"><div class=\"wp-block-getwid-section__wrapper\" style=\"min-height:500px\"><div class=\"wp-block-getwid-section__inner-wrapper\"><div class=\"wp-block-getwid-section__background-holder\"><div class=\"wp-block-getwid-section__background\"><\/div><div class=\"wp-block-getwid-section__foreground\"><\/div><\/div><div class=\"wp-block-getwid-section__content\"><div class=\"wp-block-getwid-section__inner-content\"><div class=\"wp-block-image\">\n<figure class=\"aligncenter size-full\"><img loading=\"lazy\" decoding=\"async\" width=\"350\" height=\"350\" src=\"https:\/\/galeriemariannegrob.com\/wp-content\/uploads\/2022\/02\/vera_rothamel.jpg\" alt=\"\" class=\"wp-image-1863\" srcset=\"https:\/\/galeriemariannegrob.com\/wp-content\/uploads\/2022\/02\/vera_rothamel.jpg 350w, https:\/\/galeriemariannegrob.com\/wp-content\/uploads\/2022\/02\/vera_rothamel-300x300.jpg 300w, https:\/\/galeriemariannegrob.com\/wp-content\/uploads\/2022\/02\/vera_rothamel-150x150.jpg 150w\" sizes=\"auto, (max-width: 350px) 100vw, 350px\" \/><\/figure>\n<\/div><\/div><\/div><\/div><\/div><\/div>\n\n\n\n<div class=\"wp-block-columns is-layout-flex wp-container-core-columns-is-layout-9d6595d7 wp-block-columns-is-layout-flex\">\n<div class=\"wp-block-column space_mobile is-layout-flow wp-block-column-is-layout-flow\" style=\"flex-basis:55%\">\n<h2 class=\"wp-block-heading\" id=\"vera-rothamel\">vera rothamel<\/h2>\n\n\n\n<figure class=\"wp-block-table\"><table><tbody><tr><td>1957<\/td><td class=\"has-text-align-left\" data-align=\"left\">geboren in ebikon<\/td><\/tr><tr><td>1979<\/td><td class=\"has-text-align-left\" data-align=\"left\">vorkurs, schule f\u00fcr gestaltung luzern<\/td><\/tr><tr><td>1981<\/td><td class=\"has-text-align-left\" data-align=\"left\">studium visuelle kommunikation, fachklasse experimentelle grafik bei prof. helmut lortz, hochschule der k\u00fcnste berlin<\/td><\/tr><tr><td>1985<\/td><td class=\"has-text-align-left\" data-align=\"left\">abschluss als meistersch\u00fclerin<\/td><\/tr><tr><td>1993<\/td><td class=\"has-text-align-left\" data-align=\"left\">lnn \u2013 f\u00f6rderpreis, jahresausstellung, kunstmuseum luzern<\/td><\/tr><tr><td>1995<\/td><td class=\"has-text-align-left\" data-align=\"left\">wohnsitz in z\u00fcrich<\/td><\/tr><tr><td>2004<\/td><td class=\"has-text-align-left\" data-align=\"left\">ateliers in z\u00fcrich und luzern<\/td><\/tr><\/tbody><\/table><\/figure>\n<\/div>\n<\/div>\n\n\n\n<p>auswahl ausstellungen<\/p>\n\n\n\n<div class=\"wp-block-columns is-layout-flex wp-container-core-columns-is-layout-9d6595d7 wp-block-columns-is-layout-flex\">\n<div class=\"wp-block-column is-layout-flow wp-block-column-is-layout-flow\" style=\"flex-basis:66.66%\">\n<figure class=\"wp-block-table\"><table><tbody><tr><td>2021<\/td><td>blattwerk, galerie marianne grob, basel<\/td><\/tr><tr><td>2020<\/td><td>im fluss, galerie kriens, luzern<\/td><\/tr><tr><td>2018<\/td><td>bilder im raum, kornsch\u00fctte, luzern<\/td><\/tr><tr><td>2017<\/td><td>pinsel, stein, papier- und andere materialien, galerie grashey, konstanz<\/td><\/tr><tr><td>2016<\/td><td>in textur verstrickt, tart art, z\u00fcrich<\/td><\/tr><tr><td>2015<\/td><td>patience, galerie kriens<\/td><\/tr><tr><td>2013<\/td><td>galerie marianne grob \u2013 unterwegs on tour: zu gast bei b16, luzern<br>doubleview, kunsthalle, luzern<br>kunst aus der schweiz: vera rothamel, galerie grashey, konstanz<\/td><\/tr><tr><td>2010<\/td><td>galerie marianne grob \u2013 unterwgs on tour: zu gast bei sphinx, luzern<\/td><\/tr><tr><td>2009<\/td><td>galerie kriens<br>im paradies, galerie grashey, konstanz<br>sofies garten, galerie marianne grob, berlin<\/td><\/tr><tr><td>2007<\/td><td>kantonalbank luzern, zusammen mit barbara j\u00e4ggi<\/td><\/tr><tr><td>2006<\/td><td>doppelalbum, galerie marianne grob, berlin<br>farbcaf\u00e9\u00bb, intervention im stadtcaf\u00e9 sursee<br>stilles leben, sammlung der gemeinde emmen, galerie gersag, emmen<br>bonjour madame bruneau, atelier cit\u00e9 des arts paris 1986 \u2013 2006, ausstellung im kunstpanorama, luzern<\/td><\/tr><tr><td>2005<\/td><td>criss cross, pentimenti gallery, philadelphia<br>zu besuch in bonn, galerie schneider, bonn<\/td><\/tr><tr><td>2004<\/td><td>originalgrafik \u2013 schwerpunkt digitale verfahren, verein f\u00fcr originalgrafik, gewerbemuseum winterthur<br>all over, galerie marianne grob, berlin<\/td><\/tr><tr><td>2003<\/td><td>alles nur farbe kunstverein friedrichshafen<br>10 jahre galerie marianne grob, berlin<br>grafikmarkt, kunstverein friedrichshafen<\/td><\/tr><tr><td>2002<\/td><td>leuchtkasten (installation im g\u00e4stezimmer), wolhusen<br>durchsicht, galerie hofmatt, sarnen<\/td><\/tr><tr><td>2001<\/td><td>kunstsalon wolfsberg, z\u00fcrich<br>farblandschaften, galerie marianne grob, berlin<\/td><\/tr><tr><td>2000<\/td><td>hefte zu malerei, galerie marianne grob, berlin<br>25 jahre neue augenklinik, kantonsspital luzern<\/td><\/tr><tr><td>1999<\/td><td>malerei\u00bb, galerie gersag, emmen<br>einblick ins bildinnere, st\u00e4dtischer ausstellungsraum kornsch\u00fctte, luzern<br>at the turn of the century, galerie kai hilgemann, berlin<\/td><\/tr><tr><td>1998<\/td><td>schwarzweiss V, galerie marianne grob, berlin<\/td><\/tr><tr><td>1994<\/td><td>orangerie der bilder (ausstellungsprojekt im k\u00f6rnerpark, zusammen mit silke godor und susann schaer), berlin<br>galerie gersag emmen<\/td><\/tr><tr><td>1993<\/td><td>galerie marianne grob, luzern<br>galerie marianne grob, berlin<\/td><\/tr><tr><td>1992<\/td><td>\u00fcberschlag \u2013 acht schweizer k\u00fcnstler in berlin prenzlauer berg, ausstellungs- und austauschprojekt der pro helvetia, katalog<br>goldrausch-archiv, katalogprojekt mit 20 berliner k\u00fcnstlerinnen<\/td><\/tr><tr><td>1986<\/td><td>ateliers (katalog), haus am l\u00fctzowplatz, obere galerie, berlin<\/td><\/tr><\/tbody><\/table><\/figure>\n<\/div>\n<\/div>\n","protected":false},"excerpt":{"rendered":"<p>vera rothamel 1957 geboren in ebikon 1979 vorkurs, schule f\u00fcr gestaltung luzern 1981 studium visuelle kommunikation, fachklasse experimentelle grafik bei prof. helmut lortz, hochschule der k\u00fcnste berlin 1985 abschluss als meistersch\u00fclerin 1993 lnn \u2013 f\u00f6rderpreis, jahresausstellung, kunstmuseum luzern 1995 wohnsitz in z\u00fcrich 2004 ateliers in z\u00fcrich und luzern auswahl ausstellungen 2021 blattwerk, galerie marianne grob, [&hellip;]<\/p>\n","protected":false},"author":1,"featured_media":0,"parent":11,"menu_order":0,"comment_status":"closed","ping_status":"closed","template":"","meta":{"footnotes":""},"class_list":["post-74","page","type-page","status-publish","hentry"],"_links":{"self":[{"href":"https:\/\/galeriemariannegrob.com\/index.php?rest_route=\/wp\/v2\/pages\/74","targetHints":{"allow":["GET"]}}],"collection":[{"href":"https:\/\/galeriemariannegrob.com\/index.php?rest_route=\/wp\/v2\/pages"}],"about":[{"href":"https:\/\/galeriemariannegrob.com\/index.php?rest_route=\/wp\/v2\/types\/page"}],"author":[{"embeddable":true,"href":"https:\/\/galeriemariannegrob.com\/index.php?rest_route=\/wp\/v2\/users\/1"}],"replies":[{"embeddable":true,"href":"https:\/\/galeriemariannegrob.com\/index.php?rest_route=%2Fwp%2Fv2%2Fcomments&post=74"}],"version-history":[{"count":18,"href":"https:\/\/galeriemariannegrob.com\/index.php?rest_route=\/wp\/v2\/pages\/74\/revisions"}],"predecessor-version":[{"id":4194,"href":"https:\/\/galeriemariannegrob.com\/index.php?rest_route=\/wp\/v2\/pages\/74\/revisions\/4194"}],"up":[{"embeddable":true,"href":"https:\/\/galeriemariannegrob.com\/index.php?rest_route=\/wp\/v2\/pages\/11"}],"wp:attachment":[{"href":"https:\/\/galeriemariannegrob.com\/index.php?rest_route=%2Fwp%2Fv2%2Fmedia&parent=74"}],"curies":[{"name":"wp","href":"https:\/\/api.w.org\/{rel}","templated":true}]}}