{"id":73,"date":"2021-08-15T17:53:19","date_gmt":"2021-08-15T17:53:19","guid":{"rendered":"https:\/\/new.galeriemariannegrob.com\/?page_id=73"},"modified":"2022-08-04T19:36:13","modified_gmt":"2022-08-04T19:36:13","slug":"susanna-niederer","status":"publish","type":"page","link":"https:\/\/galeriemariannegrob.com\/?page_id=73","title":{"rendered":"susanna niederer"},"content":{"rendered":"\n<div style=\"height:100px\" aria-hidden=\"true\" class=\"wp-block-spacer trenner\"><\/div>\n\n\n\n<div class=\"wp-block-getwid-section middlesection getwid-section-content-full-width\"><div class=\"wp-block-getwid-section__wrapper\" style=\"min-height:500px\"><div class=\"wp-block-getwid-section__inner-wrapper\"><div class=\"wp-block-getwid-section__background-holder\"><div class=\"wp-block-getwid-section__background\"><\/div><div class=\"wp-block-getwid-section__foreground\"><\/div><\/div><div class=\"wp-block-getwid-section__content\"><div class=\"wp-block-getwid-section__inner-content\"><div class=\"wp-block-image\">\n<figure class=\"aligncenter size-full\"><img loading=\"lazy\" decoding=\"async\" width=\"350\" height=\"350\" src=\"https:\/\/galeriemariannegrob.com\/wp-content\/uploads\/2022\/02\/Niederer.jpg\" alt=\"\" class=\"wp-image-1859\" srcset=\"https:\/\/galeriemariannegrob.com\/wp-content\/uploads\/2022\/02\/Niederer.jpg 350w, https:\/\/galeriemariannegrob.com\/wp-content\/uploads\/2022\/02\/Niederer-300x300.jpg 300w, https:\/\/galeriemariannegrob.com\/wp-content\/uploads\/2022\/02\/Niederer-150x150.jpg 150w\" sizes=\"auto, (max-width: 350px) 100vw, 350px\" \/><\/figure>\n<\/div><\/div><\/div><\/div><\/div><\/div>\n\n\n\n<div class=\"wp-block-columns is-layout-flex wp-container-core-columns-is-layout-9d6595d7 wp-block-columns-is-layout-flex\">\n<div class=\"wp-block-column space_mobile is-layout-flow wp-block-column-is-layout-flow\" style=\"flex-basis:55%\">\n<h2 class=\"wp-block-heading\" id=\"susanna-niederer\">susanna niederer<\/h2>\n\n\n\n<figure class=\"wp-block-table\"><table><tbody><tr><td>1958<\/td><td class=\"has-text-align-left\" data-align=\"left\">geboren in basel<\/td><\/tr><tr><td>1977<\/td><td class=\"has-text-align-left\" data-align=\"left\">matura und 6 monate in whashington d.c und los angeles<\/td><\/tr><tr><td>1978<\/td><td class=\"has-text-align-left\" data-align=\"left\">studium der romanistik und kunstgeschichte, universit\u00e4t basel<\/td><\/tr><tr><td>1980<\/td><td class=\"has-text-align-left\" data-align=\"left\">studium in spanischer linguistik und literatur, filmtheorie und fotografie, universit\u00e4t mexico-city<\/td><\/tr><tr><td>1982<\/td><td class=\"has-text-align-left\" data-align=\"left\">assistenz bei mehreren filmen \u00fcber zeitgen\u00f6ssische kunst und k\u00fcnstler\/innen, t\u00e9l\u00e9vision suisse romande<\/td><\/tr><tr><td>1984<\/td><td class=\"has-text-align-left\" data-align=\"left\">lektorat f\u00fcr diverse verlage<\/td><\/tr><tr><td>1998<\/td><td class=\"has-text-align-left\" data-align=\"left\">ateliers in arlesheim und melide<\/td><\/tr><tr><td><\/td><td class=\"has-text-align-left\" data-align=\"left\">lebt und arbeitet in z\u00fcrich<br>bis heute studienaufenthalte in verschiedenen asiatischen l\u00e4ndern<\/td><\/tr><\/tbody><\/table><\/figure>\n<\/div>\n<\/div>\n\n\n\n<p>auswahl ausstellungen<\/p>\n\n\n\n<div class=\"wp-block-columns is-layout-flex wp-container-core-columns-is-layout-9d6595d7 wp-block-columns-is-layout-flex\">\n<div class=\"wp-block-column is-layout-flow wp-block-column-is-layout-flow\" style=\"flex-basis:66.66%\">\n<figure class=\"wp-block-table\"><table><tbody><tr><td>2021<\/td><td>kobo gallery, tokyo<br>positionen III, galerie marianne grob, basel<\/td><\/tr><tr><td>2020<\/td><td>swatsy gallery mysore und bangalore, indien<\/td><\/tr><tr><td>2018<\/td><td>galerie marianne grob, schwarzweiss XI<br><\/td><\/tr><tr><td>2017<\/td><td>art forum ute barth, z\u00fcrich<br>immer immer, galerie marianne grob, basel<\/td><\/tr><tr><td>2016<\/td><td>kunsthalle wil<\/td><\/tr><tr><td>2014<\/td><td>aps a piece of space, tokyo<\/td><\/tr><tr><td>2013<\/td><td>galerie des petits carreaux, paris<br>kobo gallery, tokyo<br>aps a piece of space, tokyo<\/td><\/tr><tr><td>2012<\/td><td>gallery jin, 3331 arts chiyoda, tokyo<br>maison 44, basel, mit der komposition aus den kunstwerken von wilfried maria danner<\/td><\/tr><tr><td>2011<\/td><td>fertigstellung kunst im bau: 5teilige bronzearbeit und terrassengestaltung f\u00fcr iino kaiun kaisha, tokyo<br>aps a piece of space, tokyo<br>art forum ute barth<\/td><\/tr><tr><td>2010<\/td><td>fertigstellung kunst am bau: schl\u00e4uche f\u00fcr die feuerwehr, neues feuerwehrgeb\u00e4ude wallisellen<br>fertigstellung kunst am bau: relief, mittim wallisellen<br>arte piazza bibai, bibai, sapporo, hokkaido, japan<\/td><\/tr><tr><td>2009<\/td><td>museum pfalzgalerie kaiserslautern<br>aps a piece of space, tokyo<br>fath contemporary, mannheim<\/td><\/tr><tr><td>2008<\/td><td>melsheimer kunsthandel, k\u00f6ln<br>galerie renate bender, m\u00fcnchen<\/td><\/tr><tr><td>2006<\/td><td>galerie yaemon, kyoto<\/td><\/tr><tr><td>2005<\/td><td>art scheel, sylt<br>silent bells, san giorgio, venezia<\/td><\/tr><tr><td>2004<\/td><td>galerie marianne grob, berlin<br>sebastian fath contemporary, mannheim<br>kunstverein lingen<\/td><\/tr><tr><td>2003<\/td><td>installation kunst im \u00f6ffentlichen raum, stadt lindau<br>swisscard, horgen, kunst im bau \u00fcber 2 stockwerke<\/td><\/tr><tr><td>2002<\/td><td>galerie axel thieme<\/td><\/tr><tr><td>2000<\/td><td>apc galerie, k\u00f6ln<\/td><\/tr><tr><td>1999<\/td><td>museum wiesbaden<\/td><\/tr><\/tbody><\/table><\/figure>\n<\/div>\n<\/div>\n","protected":false},"excerpt":{"rendered":"<p>susanna niederer 1958 geboren in basel 1977 matura und 6 monate in whashington d.c und los angeles 1978 studium der romanistik und kunstgeschichte, universit\u00e4t basel 1980 studium in spanischer linguistik und literatur, filmtheorie und fotografie, universit\u00e4t mexico-city 1982 assistenz bei mehreren filmen \u00fcber zeitgen\u00f6ssische kunst und k\u00fcnstler\/innen, t\u00e9l\u00e9vision suisse romande 1984 lektorat f\u00fcr diverse verlage [&hellip;]<\/p>\n","protected":false},"author":1,"featured_media":0,"parent":11,"menu_order":0,"comment_status":"closed","ping_status":"closed","template":"","meta":{"footnotes":""},"class_list":["post-73","page","type-page","status-publish","hentry"],"_links":{"self":[{"href":"https:\/\/galeriemariannegrob.com\/index.php?rest_route=\/wp\/v2\/pages\/73","targetHints":{"allow":["GET"]}}],"collection":[{"href":"https:\/\/galeriemariannegrob.com\/index.php?rest_route=\/wp\/v2\/pages"}],"about":[{"href":"https:\/\/galeriemariannegrob.com\/index.php?rest_route=\/wp\/v2\/types\/page"}],"author":[{"embeddable":true,"href":"https:\/\/galeriemariannegrob.com\/index.php?rest_route=\/wp\/v2\/users\/1"}],"replies":[{"embeddable":true,"href":"https:\/\/galeriemariannegrob.com\/index.php?rest_route=%2Fwp%2Fv2%2Fcomments&post=73"}],"version-history":[{"count":16,"href":"https:\/\/galeriemariannegrob.com\/index.php?rest_route=\/wp\/v2\/pages\/73\/revisions"}],"predecessor-version":[{"id":3108,"href":"https:\/\/galeriemariannegrob.com\/index.php?rest_route=\/wp\/v2\/pages\/73\/revisions\/3108"}],"up":[{"embeddable":true,"href":"https:\/\/galeriemariannegrob.com\/index.php?rest_route=\/wp\/v2\/pages\/11"}],"wp:attachment":[{"href":"https:\/\/galeriemariannegrob.com\/index.php?rest_route=%2Fwp%2Fv2%2Fmedia&parent=73"}],"curies":[{"name":"wp","href":"https:\/\/api.w.org\/{rel}","templated":true}]}}