{"id":71,"date":"2021-08-15T17:53:19","date_gmt":"2021-08-15T17:53:19","guid":{"rendered":"https:\/\/new.galeriemariannegrob.com\/?page_id=71"},"modified":"2022-08-04T19:36:06","modified_gmt":"2022-08-04T19:36:06","slug":"thomas-muff","status":"publish","type":"page","link":"https:\/\/galeriemariannegrob.com\/?page_id=71","title":{"rendered":"thomas muff"},"content":{"rendered":"\n<div style=\"height:100px\" aria-hidden=\"true\" class=\"wp-block-spacer trenner\"><\/div>\n\n\n\n<div class=\"wp-block-getwid-section middlesection getwid-section-content-full-width\"><div class=\"wp-block-getwid-section__wrapper\" style=\"min-height:500px\"><div class=\"wp-block-getwid-section__inner-wrapper\"><div class=\"wp-block-getwid-section__background-holder\"><div class=\"wp-block-getwid-section__background\"><\/div><div class=\"wp-block-getwid-section__foreground\"><\/div><\/div><div class=\"wp-block-getwid-section__content\"><div class=\"wp-block-getwid-section__inner-content\"><div class=\"wp-block-image\">\n<figure class=\"aligncenter size-full\"><img loading=\"lazy\" decoding=\"async\" width=\"350\" height=\"350\" src=\"https:\/\/galeriemariannegrob.com\/wp-content\/uploads\/2022\/02\/Tom2021.jpg\" alt=\"\" class=\"wp-image-1884\" srcset=\"https:\/\/galeriemariannegrob.com\/wp-content\/uploads\/2022\/02\/Tom2021.jpg 350w, https:\/\/galeriemariannegrob.com\/wp-content\/uploads\/2022\/02\/Tom2021-300x300.jpg 300w, https:\/\/galeriemariannegrob.com\/wp-content\/uploads\/2022\/02\/Tom2021-150x150.jpg 150w\" sizes=\"auto, (max-width: 350px) 100vw, 350px\" \/><\/figure>\n<\/div><\/div><\/div><\/div><\/div><\/div>\n\n\n\n<div class=\"wp-block-columns is-layout-flex wp-container-core-columns-is-layout-9d6595d7 wp-block-columns-is-layout-flex\">\n<div class=\"wp-block-column space_mobile is-layout-flow wp-block-column-is-layout-flow\" style=\"flex-basis:55%\">\n<h2 class=\"wp-block-heading\" id=\"thomas-muff\">thomas muff<\/h2>\n\n\n\n<figure class=\"wp-block-table\"><table><tbody><tr><td>1964<\/td><td class=\"has-text-align-left\" data-align=\"left\">geboren in luzern<\/td><\/tr><tr><td>1980<\/td><td class=\"has-text-align-left\" data-align=\"left\">lehre zum tiefbauzeichner<\/td><\/tr><tr><td>1988<\/td><td class=\"has-text-align-left\" data-align=\"left\">fachklasse f\u00fcr bildende kunst, hochschule f\u00fcr gestaltung und kunst, luzern<\/td><\/tr><tr><td>1992<\/td><td class=\"has-text-align-left\" data-align=\"left\">assistenz in der fachklasse f\u00fcr bildende kunst, hgk luzern<\/td><\/tr><tr><td>2006<\/td><td class=\"has-text-align-left\" data-align=\"left\">atelier cit\u00e9 internationale des arts, paris<\/td><\/tr><tr><td>2007<\/td><td class=\"has-text-align-left\" data-align=\"left\">f\u00f6rderpreis f\u00fcr kunst und kultur, kriens<\/td><\/tr><\/tbody><\/table><\/figure>\n<\/div>\n<\/div>\n\n\n\n<p>auswahl ausstellungen<\/p>\n\n\n\n<div class=\"wp-block-columns is-layout-flex wp-container-core-columns-is-layout-9d6595d7 wp-block-columns-is-layout-flex\">\n<div class=\"wp-block-column is-layout-flow wp-block-column-is-layout-flow\" style=\"flex-basis:66.66%\">\n<figure class=\"wp-block-table\"><table><tbody><tr><td>2020<\/td><td>opes, emmenbr\u00fccke<\/td><\/tr><tr><td>2019<\/td><td>troubled nature, galerie marianne grob, basel<br>galerie billing bild, baar<\/td><\/tr><tr><td>2017<\/td><td>positionen II, galerie marianne grob, basel<\/td><\/tr><tr><td>2016<\/td><td>timberline, galerie marianne grob, basel<br>galerie marianne grob \u2013 unterwegs on tour: zu gast bei vw, autosalon, genf<\/td><\/tr><tr><td>2015<\/td><td>galerie m\u00fcller, luzern<br>kunstraum hermann, hochdorf<br>galerie pack of patches, jena<\/td><\/tr><tr><td>2014<\/td><td>galerie meier arth<br>galerie paul hafner, st. gallen<br>galerie eulenspiegel, basel<\/td><\/tr><tr><td>2013<\/td><td>galerie marianne grob \u2013 unterwegs on tour: zu gast bei b16, luzern<br>galerie im z\u00f6pfli, luzern<\/td><\/tr><tr><td>2011<\/td><td>d sein werke, z\u00fcrich<\/td><\/tr><tr><td>2010<\/td><td>galerie am leewasser, brunnen<\/td><\/tr><tr><td>2008<\/td><td>sam scherrer contemporary, z\u00fcrich<br>galerie kriens, kriens<\/td><\/tr><tr><td>2006<\/td><td>galerie am leewasser, brunnen<br>d sein werke, z\u00fcrich<\/td><\/tr><tr><td>2005<\/td><td>galerie gersag, emmen<\/td><\/tr><tr><td>2004<\/td><td>galerie carla renggli, zug<\/td><\/tr><tr><td>2002<\/td><td>galerie kriens, kriens<br>espace libre centre pasque art, bienne<\/td><\/tr><tr><td>2001<\/td><td>galerie carla renggli, zug<\/td><\/tr><tr><td>1999<\/td><td>galerie gersag, emmen<\/td><\/tr><tr><td>1998<\/td><td>galerie partikel, luzern<\/td><\/tr><tr><td>1997<\/td><td>d sein werke, z\u00fcrich<\/td><\/tr><tr><td>1995<\/td><td>galerie partikel, luzern<\/td><\/tr><\/tbody><\/table><\/figure>\n<\/div>\n<\/div>\n\n\n\n<p><\/p>\n","protected":false},"excerpt":{"rendered":"<p>thomas muff 1964 geboren in luzern 1980 lehre zum tiefbauzeichner 1988 fachklasse f\u00fcr bildende kunst, hochschule f\u00fcr gestaltung und kunst, luzern 1992 assistenz in der fachklasse f\u00fcr bildende kunst, hgk luzern 2006 atelier cit\u00e9 internationale des arts, paris 2007 f\u00f6rderpreis f\u00fcr kunst und kultur, kriens auswahl ausstellungen 2020 opes, emmenbr\u00fccke 2019 troubled nature, galerie marianne [&hellip;]<\/p>\n","protected":false},"author":1,"featured_media":0,"parent":11,"menu_order":0,"comment_status":"closed","ping_status":"closed","template":"","meta":{"footnotes":""},"class_list":["post-71","page","type-page","status-publish","hentry"],"_links":{"self":[{"href":"https:\/\/galeriemariannegrob.com\/index.php?rest_route=\/wp\/v2\/pages\/71","targetHints":{"allow":["GET"]}}],"collection":[{"href":"https:\/\/galeriemariannegrob.com\/index.php?rest_route=\/wp\/v2\/pages"}],"about":[{"href":"https:\/\/galeriemariannegrob.com\/index.php?rest_route=\/wp\/v2\/types\/page"}],"author":[{"embeddable":true,"href":"https:\/\/galeriemariannegrob.com\/index.php?rest_route=\/wp\/v2\/users\/1"}],"replies":[{"embeddable":true,"href":"https:\/\/galeriemariannegrob.com\/index.php?rest_route=%2Fwp%2Fv2%2Fcomments&post=71"}],"version-history":[{"count":12,"href":"https:\/\/galeriemariannegrob.com\/index.php?rest_route=\/wp\/v2\/pages\/71\/revisions"}],"predecessor-version":[{"id":3107,"href":"https:\/\/galeriemariannegrob.com\/index.php?rest_route=\/wp\/v2\/pages\/71\/revisions\/3107"}],"up":[{"embeddable":true,"href":"https:\/\/galeriemariannegrob.com\/index.php?rest_route=\/wp\/v2\/pages\/11"}],"wp:attachment":[{"href":"https:\/\/galeriemariannegrob.com\/index.php?rest_route=%2Fwp%2Fv2%2Fmedia&parent=71"}],"curies":[{"name":"wp","href":"https:\/\/api.w.org\/{rel}","templated":true}]}}