{"id":69,"date":"2021-08-15T17:53:19","date_gmt":"2021-08-15T17:53:19","guid":{"rendered":"https:\/\/new.galeriemariannegrob.com\/?page_id=69"},"modified":"2025-03-27T15:41:13","modified_gmt":"2025-03-27T15:41:13","slug":"ingeborg-luescher","status":"publish","type":"page","link":"https:\/\/galeriemariannegrob.com\/?page_id=69","title":{"rendered":"ingeborg l\u00fcscher"},"content":{"rendered":"\n<div style=\"height:100px\" aria-hidden=\"true\" class=\"wp-block-spacer trenner\"><\/div>\n\n\n\n<div class=\"wp-block-getwid-section middlesection getwid-section-content-full-width\"><div class=\"wp-block-getwid-section__wrapper\" style=\"min-height:500px\"><div class=\"wp-block-getwid-section__inner-wrapper\"><div class=\"wp-block-getwid-section__background-holder\"><div class=\"wp-block-getwid-section__background\"><\/div><div class=\"wp-block-getwid-section__foreground\"><\/div><\/div><div class=\"wp-block-getwid-section__content\"><div class=\"wp-block-getwid-section__inner-content\"><div class=\"wp-block-image\">\n<figure class=\"aligncenter size-full\"><img loading=\"lazy\" decoding=\"async\" width=\"350\" height=\"350\" src=\"https:\/\/galeriemariannegrob.com\/wp-content\/uploads\/2022\/02\/Bildschirmfoto-2022-02-07-um-16.24.23.jpg\" alt=\"\" class=\"wp-image-1857\" srcset=\"https:\/\/galeriemariannegrob.com\/wp-content\/uploads\/2022\/02\/Bildschirmfoto-2022-02-07-um-16.24.23.jpg 350w, https:\/\/galeriemariannegrob.com\/wp-content\/uploads\/2022\/02\/Bildschirmfoto-2022-02-07-um-16.24.23-300x300.jpg 300w, https:\/\/galeriemariannegrob.com\/wp-content\/uploads\/2022\/02\/Bildschirmfoto-2022-02-07-um-16.24.23-150x150.jpg 150w\" sizes=\"auto, (max-width: 350px) 100vw, 350px\" \/><\/figure>\n<\/div><\/div><\/div><\/div><\/div><\/div>\n\n\n\n<div class=\"wp-block-columns is-layout-flex wp-container-core-columns-is-layout-9d6595d7 wp-block-columns-is-layout-flex\">\n<div class=\"wp-block-column space_mobile is-layout-flow wp-block-column-is-layout-flow\" style=\"flex-basis:55%\">\n<h2 class=\"wp-block-heading\" id=\"ingeborg-luscher\">ingeborg l\u00fcscher<br><\/h2>\n\n\n\n<p><\/p>\n\n\n\n<p><\/p>\n\n\n\n<p class=\"p_spez\">einzelausstellungen und gruppenbeteiligungen in der galerie marianne grob<\/p>\n\n\n\n<figure class=\"wp-block-table\"><table><tbody><tr><td>2017<\/td><td>positionen II galerie marianne grob basel<\/td><\/tr><tr><td>2007<\/td><td>die h\u00e4ngenden g\u00e4rten der semiramis<br>galerie marianne grob berlin<\/td><\/tr><tr><td>2003<\/td><td>fusion galerie marianne grob berlin<\/td><\/tr><tr><td>2002<\/td><td>schwarzweiss VII galerie marianne grob berlin<\/td><\/tr><tr><td>1999<\/td><td>galerie marianne grob berlin<\/td><\/tr><tr><td>1997<\/td><td>galerie marianne grob berlin<\/td><\/tr><tr><td>1996<\/td><td>schwarzweiss III galerie marianne grob berlin<\/td><\/tr><tr><td>1994<\/td><td>zwischen himmel und erde galerie marianne grob luzern<\/td><\/tr><\/tbody><\/table><\/figure>\n\n\n\n<p class=\"p_spez\">ingeborg l\u00fcscher 1936 in freiberg geboren. wuchs in berlin auf und hatte dort erfolg als schauspielerin. durch heirat kam sie in die schweiz und ist seither deutsch-schweizerische doppelb\u00fcrgerin. w\u00e4hrend dreharbeiten in prag erlebt sie die vorbereitungen zum prager&nbsp;fr\u00fchling, was f\u00fcr sie die entscheidung bildende k\u00fcnstlerin zu werden,&nbsp;beschleunigt. die entdeckung des einsiedlers a.s., mit der sie auf der documenta 5 &nbsp;vertreten ist und das buch, das sie dar\u00fcber schreibt, verhelfen ihr&nbsp;schnell international wahrgenommen zu werden.<br>die erste ausstellung in einem museum hat sie 1976 im musee de la ville de paris. andere museen folgen: solothurn, malaga, den haag, wiesbaden, z\u00fcrich, ljubljana, chemnitz, budweis, philadelphia, moskau, um nur einige zu nennen. sie nimmt auch noch ein zweites mal an der documenta teil, 2002, und an vielen biennalen, u.a. drei mal in venedig, sydney, kwangju, lyon, weltausstellung sevilla, malindi. ausserdem laufen ihre videos an festivals weltweit, vor allem fusion, in dem fussballer in designeranz\u00fcgen spielen. in ihrem letzten video &#8222;the game is over&#8220;, -ein zitat von georges w. bush-, geht es um sch\u00f6nheit und bedrohung. aufsehen hat ab 2004 ihr &#8222;bernsteinzimmer&#8220; erreicht, das aus 9000 st\u00fcck hinterleuchteten sole-seifenst\u00fccken konstruiert ist oder die &#8222;h\u00e4ngenden g\u00e4rten der semiramis&#8220;, aus gelben vogelschreckband. auch ihre bilder und skulpturen aus und mit schwefel werden manchen in erinnerung sein. sie lehrte jahrelang an der int. sommerakademie salzburg und schrieb mehrere b\u00fccher. sie war verheiratet mit harald szeemann bis zu dessen tod und hat mit ihm eine tochter<\/p>\n<\/div>\n<\/div>\n\n\n\n<div class=\"wp-block-columns is-layout-flex wp-container-core-columns-is-layout-9d6595d7 wp-block-columns-is-layout-flex\">\n<div class=\"wp-block-column is-layout-flow wp-block-column-is-layout-flow\" style=\"flex-basis:66.66%\"><\/div>\n<\/div>\n","protected":false},"excerpt":{"rendered":"<p>ingeborg l\u00fcscher einzelausstellungen und gruppenbeteiligungen in der galerie marianne grob 2017 positionen II galerie marianne grob basel 2007 die h\u00e4ngenden g\u00e4rten der semiramisgalerie marianne grob berlin 2003 fusion galerie marianne grob berlin 2002 schwarzweiss VII galerie marianne grob berlin 1999 galerie marianne grob berlin 1997 galerie marianne grob berlin 1996 schwarzweiss III galerie marianne grob [&hellip;]<\/p>\n","protected":false},"author":1,"featured_media":0,"parent":11,"menu_order":0,"comment_status":"closed","ping_status":"closed","template":"","meta":{"footnotes":""},"class_list":["post-69","page","type-page","status-publish","hentry"],"_links":{"self":[{"href":"https:\/\/galeriemariannegrob.com\/index.php?rest_route=\/wp\/v2\/pages\/69","targetHints":{"allow":["GET"]}}],"collection":[{"href":"https:\/\/galeriemariannegrob.com\/index.php?rest_route=\/wp\/v2\/pages"}],"about":[{"href":"https:\/\/galeriemariannegrob.com\/index.php?rest_route=\/wp\/v2\/types\/page"}],"author":[{"embeddable":true,"href":"https:\/\/galeriemariannegrob.com\/index.php?rest_route=\/wp\/v2\/users\/1"}],"replies":[{"embeddable":true,"href":"https:\/\/galeriemariannegrob.com\/index.php?rest_route=%2Fwp%2Fv2%2Fcomments&post=69"}],"version-history":[{"count":19,"href":"https:\/\/galeriemariannegrob.com\/index.php?rest_route=\/wp\/v2\/pages\/69\/revisions"}],"predecessor-version":[{"id":3919,"href":"https:\/\/galeriemariannegrob.com\/index.php?rest_route=\/wp\/v2\/pages\/69\/revisions\/3919"}],"up":[{"embeddable":true,"href":"https:\/\/galeriemariannegrob.com\/index.php?rest_route=\/wp\/v2\/pages\/11"}],"wp:attachment":[{"href":"https:\/\/galeriemariannegrob.com\/index.php?rest_route=%2Fwp%2Fv2%2Fmedia&parent=69"}],"curies":[{"name":"wp","href":"https:\/\/api.w.org\/{rel}","templated":true}]}}