{"id":68,"date":"2021-08-15T17:53:19","date_gmt":"2021-08-15T17:53:19","guid":{"rendered":"https:\/\/new.galeriemariannegrob.com\/?page_id=68"},"modified":"2022-08-04T19:35:42","modified_gmt":"2022-08-04T19:35:42","slug":"johannes-lacher","status":"publish","type":"page","link":"https:\/\/galeriemariannegrob.com\/?page_id=68","title":{"rendered":"johannes lacher"},"content":{"rendered":"\n<div style=\"height:100px\" aria-hidden=\"true\" class=\"wp-block-spacer trenner\"><\/div>\n\n\n\n<div class=\"wp-block-getwid-section middlesection getwid-section-content-full-width\"><div class=\"wp-block-getwid-section__wrapper\" style=\"min-height:500px\"><div class=\"wp-block-getwid-section__inner-wrapper\"><div class=\"wp-block-getwid-section__background-holder\"><div class=\"wp-block-getwid-section__background\"><\/div><div class=\"wp-block-getwid-section__foreground\"><\/div><\/div><div class=\"wp-block-getwid-section__content\"><div class=\"wp-block-getwid-section__inner-content\"><div class=\"wp-block-image\">\n<figure class=\"aligncenter size-full\"><img loading=\"lazy\" decoding=\"async\" width=\"350\" height=\"350\" src=\"https:\/\/galeriemariannegrob.com\/wp-content\/uploads\/2022\/03\/admin-ajax.phpds_.jpg\" alt=\"\" class=\"wp-image-2616\" srcset=\"https:\/\/galeriemariannegrob.com\/wp-content\/uploads\/2022\/03\/admin-ajax.phpds_.jpg 350w, https:\/\/galeriemariannegrob.com\/wp-content\/uploads\/2022\/03\/admin-ajax.phpds_-300x300.jpg 300w, https:\/\/galeriemariannegrob.com\/wp-content\/uploads\/2022\/03\/admin-ajax.phpds_-150x150.jpg 150w\" sizes=\"auto, (max-width: 350px) 100vw, 350px\" \/><\/figure>\n<\/div><\/div><\/div><\/div><\/div><\/div>\n\n\n\n<div class=\"wp-block-columns is-layout-flex wp-container-core-columns-is-layout-9d6595d7 wp-block-columns-is-layout-flex\">\n<div class=\"wp-block-column is-layout-flow wp-block-column-is-layout-flow\" style=\"flex-basis:55%\">\n<h2 class=\"space_mobile wp-block-heading\" id=\"johannes-lacher\">johannes lacher<\/h2>\n\n\n\n<figure class=\"wp-block-table\"><table><tbody><tr><td>1940<\/td><td class=\"has-text-align-left\" data-align=\"left\">geboren in marburg\/lahn<\/td><\/tr><tr><td>1964<\/td><td class=\"has-text-align-left\" data-align=\"left\">akademie der bildenen k\u00fcnste, m\u00fcnchen<\/td><\/tr><tr><td>1968<\/td><td class=\"has-text-align-left\" data-align=\"left\">master of fine art, university of georgia, athens, ga, usa<\/td><\/tr><tr><td>1970<\/td><td class=\"has-text-align-left\" data-align=\"left\">dozent f\u00fcr handzeichnen, druckgrafik und design, university of wisconsin<\/td><\/tr><tr><td>1973<\/td><td class=\"has-text-align-left\" data-align=\"left\">professur f\u00fcr malerei und druckgrafik, university of new mexico<\/td><\/tr><tr><td>1973<\/td><td class=\"has-text-align-left\" data-align=\"left\">professur f\u00fcr malerei, kansas state university<\/td><\/tr><tr><td>1978<\/td><td class=\"has-text-align-left\" data-align=\"left\">professur f\u00fcr malerei und kunsttheorie, university of southern california, los angeles<\/td><\/tr><tr><td>1978<\/td><td class=\"has-text-align-left\" data-align=\"left\">professur f\u00fcr malerei und handzeichnen, hofstra university, hempstead, new york<\/td><\/tr><tr><td>1985<\/td><td class=\"has-text-align-left\" data-align=\"left\">individual grant, art matters. inc. new york<\/td><\/tr><tr><td>1990<\/td><td class=\"has-text-align-left\" data-align=\"left\">adolph and esther gottlieb foundation grant<\/td><\/tr><tr><td>1991<\/td><td class=\"has-text-align-left\" data-align=\"left\">lebt und arbeitet in konstanz<\/td><\/tr><tr><td>2007<\/td><td class=\"has-text-align-left\" data-align=\"left\">lebt und arbeitet in berlin<\/td><\/tr><\/tbody><\/table><\/figure>\n<\/div>\n<\/div>\n\n\n\n<p>auswahl ausstellungen<\/p>\n\n\n\n<div class=\"wp-block-columns is-layout-flex wp-container-core-columns-is-layout-9d6595d7 wp-block-columns-is-layout-flex\">\n<div class=\"wp-block-column is-layout-flow wp-block-column-is-layout-flow\" style=\"flex-basis:66.66%\">\n<figure class=\"wp-block-table\"><table><tbody><tr><td>2017<\/td><td>positionen II, galerie marianne grob, basel<\/td><\/tr><tr><td>2013<\/td><td>galerie marianne grob \u2013 unterwegs on tour: zu gast bei b16, luzern<\/td><\/tr><tr><td>2008<\/td><td>galerie marianne grob, berlin<\/td><\/tr><tr><td>2007<\/td><td>galerie parterre, berlin<\/td><\/tr><tr><td>2005<\/td><td>kunstverein konstanz<\/td><\/tr><tr><td>2002<\/td><td>gallerie marianne grob, berlin<br>kunstverein schaffhausen<\/td><\/tr><tr><td>2001<\/td><td>gallerie grashey, konstanz<\/td><\/tr><tr><td>1999<\/td><td>neuwerk kunsthalle, konstanz<\/td><\/tr><tr><td>1997<\/td><td>gallerie marianne grob, berlin<\/td><\/tr><tr><td>1996<\/td><td>katholische akademie, freiburg<\/td><\/tr><tr><td>1994<\/td><td>gallerie grashey, konstanz<\/td><\/tr><tr><td>1991<\/td><td>gallerie grashey, konstanz<\/td><\/tr><tr><td>1985<\/td><td>calkins gallery, hofstra university, hempstead, new york<\/td><\/tr><tr><td>1983<\/td><td>kirk de gooyer, los angeles, ca<\/td><\/tr><tr><td>1981<\/td><td>ron salgado contemporary fine arts, los angeles, ca<\/td><\/tr><tr><td>1978<\/td><td>houshour gallery, albuquerque, new mexico<\/td><\/tr><tr><td>1975<\/td><td>hill\u00b4s gallery, santa fe, new mexico<\/td><\/tr><\/tbody><\/table><\/figure>\n<\/div>\n<\/div>\n","protected":false},"excerpt":{"rendered":"<p>johannes lacher 1940 geboren in marburg\/lahn 1964 akademie der bildenen k\u00fcnste, m\u00fcnchen 1968 master of fine art, university of georgia, athens, ga, usa 1970 dozent f\u00fcr handzeichnen, druckgrafik und design, university of wisconsin 1973 professur f\u00fcr malerei und druckgrafik, university of new mexico 1973 professur f\u00fcr malerei, kansas state university 1978 professur f\u00fcr malerei und [&hellip;]<\/p>\n","protected":false},"author":1,"featured_media":0,"parent":11,"menu_order":0,"comment_status":"closed","ping_status":"closed","template":"","meta":{"footnotes":""},"class_list":["post-68","page","type-page","status-publish","hentry"],"_links":{"self":[{"href":"https:\/\/galeriemariannegrob.com\/index.php?rest_route=\/wp\/v2\/pages\/68","targetHints":{"allow":["GET"]}}],"collection":[{"href":"https:\/\/galeriemariannegrob.com\/index.php?rest_route=\/wp\/v2\/pages"}],"about":[{"href":"https:\/\/galeriemariannegrob.com\/index.php?rest_route=\/wp\/v2\/types\/page"}],"author":[{"embeddable":true,"href":"https:\/\/galeriemariannegrob.com\/index.php?rest_route=\/wp\/v2\/users\/1"}],"replies":[{"embeddable":true,"href":"https:\/\/galeriemariannegrob.com\/index.php?rest_route=%2Fwp%2Fv2%2Fcomments&post=68"}],"version-history":[{"count":12,"href":"https:\/\/galeriemariannegrob.com\/index.php?rest_route=\/wp\/v2\/pages\/68\/revisions"}],"predecessor-version":[{"id":3105,"href":"https:\/\/galeriemariannegrob.com\/index.php?rest_route=\/wp\/v2\/pages\/68\/revisions\/3105"}],"up":[{"embeddable":true,"href":"https:\/\/galeriemariannegrob.com\/index.php?rest_route=\/wp\/v2\/pages\/11"}],"wp:attachment":[{"href":"https:\/\/galeriemariannegrob.com\/index.php?rest_route=%2Fwp%2Fv2%2Fmedia&parent=68"}],"curies":[{"name":"wp","href":"https:\/\/api.w.org\/{rel}","templated":true}]}}