{"id":67,"date":"2021-08-15T17:53:19","date_gmt":"2021-08-15T17:53:19","guid":{"rendered":"https:\/\/new.galeriemariannegrob.com\/?page_id=67"},"modified":"2022-08-04T19:35:36","modified_gmt":"2022-08-04T19:35:36","slug":"wolfgang-kupczyk","status":"publish","type":"page","link":"https:\/\/galeriemariannegrob.com\/?page_id=67","title":{"rendered":"wolfgang kupczyk"},"content":{"rendered":"\n<div style=\"height:100px\" aria-hidden=\"true\" class=\"wp-block-spacer\"><\/div>\n\n\n<div class=\"wp-block-image\">\n<figure class=\"aligncenter size-full\"><img loading=\"lazy\" decoding=\"async\" width=\"351\" height=\"351\" src=\"https:\/\/galeriemariannegrob.com\/wp-content\/uploads\/2022\/03\/selbst_blue_1_web1zz-2.jpg\" alt=\"\" class=\"wp-image-2614\" srcset=\"https:\/\/galeriemariannegrob.com\/wp-content\/uploads\/2022\/03\/selbst_blue_1_web1zz-2.jpg 351w, https:\/\/galeriemariannegrob.com\/wp-content\/uploads\/2022\/03\/selbst_blue_1_web1zz-2-300x300.jpg 300w, https:\/\/galeriemariannegrob.com\/wp-content\/uploads\/2022\/03\/selbst_blue_1_web1zz-2-150x150.jpg 150w\" sizes=\"auto, (max-width: 351px) 100vw, 351px\" \/><\/figure>\n<\/div>\n\n\n<div style=\"height:100px\" aria-hidden=\"true\" class=\"wp-block-spacer\"><\/div>\n\n\n\n<div class=\"wp-block-columns is-layout-flex wp-container-core-columns-is-layout-9d6595d7 wp-block-columns-is-layout-flex\">\n<div class=\"wp-block-column space_mobile is-layout-flow wp-block-column-is-layout-flow\" style=\"flex-basis:55%\">\n<h2 class=\"wp-block-heading\" id=\"wolfgang-kupczyk\">wolfgang kupczyk<\/h2>\n\n\n\n<figure class=\"wp-block-table\"><table><tbody><tr><td>1951<\/td><td class=\"has-text-align-left\" data-align=\"left\">geboren<\/td><\/tr><tr><td>1977<\/td><td class=\"has-text-align-left\" data-align=\"left\">studium bei norbert kricke und gotthard graubner, staatliche kunstakademie d\u00fcsseldorf<\/td><\/tr><tr><td>1979<\/td><td class=\"has-text-align-left\" data-align=\"left\">paris-stipendium der akademie<\/td><\/tr><tr><td>1981<\/td><td class=\"has-text-align-left\" data-align=\"left\">meistersch\u00fcler bei gotthard graubner<\/td><\/tr><tr><td>1984<\/td><td class=\"has-text-align-left\" data-align=\"left\">f\u00f6rderpreis der stadt aachen f\u00fcr bildende kunst<\/td><\/tr><tr><td>1993<\/td><td class=\"has-text-align-left\" data-align=\"left\">lehrauftrag f\u00fcr malerei, fh d\u00fcsseldorf<\/td><\/tr><tr><td>1995<\/td><td class=\"has-text-align-left\" data-align=\"left\">lehrauftrag f\u00fcr malerei, universit\u00e4t zu k\u00f6ln<\/td><\/tr><\/tbody><\/table><\/figure>\n<\/div>\n<\/div>\n\n\n\n<p>ausswahl ausstellungen<\/p>\n\n\n\n<div class=\"wp-block-columns is-layout-flex wp-container-core-columns-is-layout-9d6595d7 wp-block-columns-is-layout-flex\">\n<div class=\"wp-block-column is-layout-flow wp-block-column-is-layout-flow\" style=\"flex-basis:66.66%\">\n<figure class=\"wp-block-table\"><table><tbody><tr><td>2021<\/td><td>positionen III, galerie marianne grob, basel<\/td><\/tr><tr><td>2016<\/td><td>positionen I, galerie marianne grob, basel<\/td><\/tr><tr><td>2015<\/td><td>extended (mit raymund kaiser), forum f\u00fcr kultur, herzogenrath<\/td><\/tr><tr><td>2014<\/td><td>wolfgang kupczyk \u2013 barbara j\u00e4ggi, galerie marianne grob, basel<\/td><\/tr><tr><td>2013<\/td><td>galerie marianne grob \u2013 unterwegs on tour: zu gast bei b16, luzern<br>galerie marianne grob \u2013 unterwegs on tour: zu gast bei der galerie bmb, amsterdam<\/td><\/tr><tr><td>2008<\/td><td>bedauerliche zutaten, st. fronleichnam, aachen<\/td><\/tr><tr><td>2007<\/td><td>grids &amp; frames, galerie s. aachen<\/td><\/tr><tr><td>2003<\/td><td>fluo grids, galerie marianne grob, berli<\/td><\/tr><tr><td>1998<\/td><td>raum f\u00fcr kunst, aachen<\/td><\/tr><tr><td>1997<\/td><td>galerie marianne grob, berlin<br>ludwig forum f\u00fcr internationale kunst, aachen<br>thomas kahlen galerie<\/td><\/tr><tr><td>1995<\/td><td>galerie marianne grob, berlin<\/td><\/tr><tr><td>1993<\/td><td>carezza, thomas kahlen galerie, kornelim\u00fcnster<\/td><\/tr><tr><td>1989<\/td><td>nichts, galerie anna blume<\/td><\/tr><tr><td>1988<\/td><td>galerie recht door, amsterdam <br>het bassin, maastricht<\/td><\/tr><tr><td>1987<\/td><td>scheiben, mit herbert bardenheuer<\/td><\/tr><tr><td>1986<\/td><td>euregionale neue galerie, aachen<br>im schatten sind alle hasen enten, mit herbert bardenheuer und peter buchholz<br>cultureel. centrum van de vlaamse gemeenschap, alden biezen<br>hartje gallery, frankfurt<\/td><\/tr><\/tbody><\/table><\/figure>\n<\/div>\n<\/div>\n","protected":false},"excerpt":{"rendered":"<p>wolfgang kupczyk 1951 geboren 1977 studium bei norbert kricke und gotthard graubner, staatliche kunstakademie d\u00fcsseldorf 1979 paris-stipendium der akademie 1981 meistersch\u00fcler bei gotthard graubner 1984 f\u00f6rderpreis der stadt aachen f\u00fcr bildende kunst 1993 lehrauftrag f\u00fcr malerei, fh d\u00fcsseldorf 1995 lehrauftrag f\u00fcr malerei, universit\u00e4t zu k\u00f6ln ausswahl ausstellungen 2021 positionen III, galerie marianne grob, basel 2016 [&hellip;]<\/p>\n","protected":false},"author":1,"featured_media":0,"parent":11,"menu_order":0,"comment_status":"closed","ping_status":"closed","template":"","meta":{"footnotes":""},"class_list":["post-67","page","type-page","status-publish","hentry"],"_links":{"self":[{"href":"https:\/\/galeriemariannegrob.com\/index.php?rest_route=\/wp\/v2\/pages\/67","targetHints":{"allow":["GET"]}}],"collection":[{"href":"https:\/\/galeriemariannegrob.com\/index.php?rest_route=\/wp\/v2\/pages"}],"about":[{"href":"https:\/\/galeriemariannegrob.com\/index.php?rest_route=\/wp\/v2\/types\/page"}],"author":[{"embeddable":true,"href":"https:\/\/galeriemariannegrob.com\/index.php?rest_route=\/wp\/v2\/users\/1"}],"replies":[{"embeddable":true,"href":"https:\/\/galeriemariannegrob.com\/index.php?rest_route=%2Fwp%2Fv2%2Fcomments&post=67"}],"version-history":[{"count":15,"href":"https:\/\/galeriemariannegrob.com\/index.php?rest_route=\/wp\/v2\/pages\/67\/revisions"}],"predecessor-version":[{"id":3104,"href":"https:\/\/galeriemariannegrob.com\/index.php?rest_route=\/wp\/v2\/pages\/67\/revisions\/3104"}],"up":[{"embeddable":true,"href":"https:\/\/galeriemariannegrob.com\/index.php?rest_route=\/wp\/v2\/pages\/11"}],"wp:attachment":[{"href":"https:\/\/galeriemariannegrob.com\/index.php?rest_route=%2Fwp%2Fv2%2Fmedia&parent=67"}],"curies":[{"name":"wp","href":"https:\/\/api.w.org\/{rel}","templated":true}]}}