{"id":66,"date":"2021-08-15T17:53:19","date_gmt":"2021-08-15T17:53:19","guid":{"rendered":"https:\/\/new.galeriemariannegrob.com\/?page_id=66"},"modified":"2024-10-29T13:14:11","modified_gmt":"2024-10-29T13:14:11","slug":"alexander-j-kraut","status":"publish","type":"page","link":"https:\/\/galeriemariannegrob.com\/?page_id=66","title":{"rendered":"alexander j. kraut"},"content":{"rendered":"\n<div style=\"height:100px\" aria-hidden=\"true\" class=\"wp-block-spacer trenner\"><\/div>\n\n\n\n<div class=\"wp-block-getwid-section middlesection getwid-section-content-full-width\"><div class=\"wp-block-getwid-section__wrapper\" style=\"min-height:500px\"><div class=\"wp-block-getwid-section__inner-wrapper\"><div class=\"wp-block-getwid-section__background-holder\"><div class=\"wp-block-getwid-section__background\"><\/div><div class=\"wp-block-getwid-section__foreground\"><\/div><\/div><div class=\"wp-block-getwid-section__content\"><div class=\"wp-block-getwid-section__inner-content\"><div class=\"wp-block-image\">\n<figure class=\"aligncenter size-full\"><img loading=\"lazy\" decoding=\"async\" width=\"350\" height=\"350\" src=\"https:\/\/galeriemariannegrob.com\/wp-content\/uploads\/2022\/02\/Kraut.jpg\" alt=\"\" class=\"wp-image-1855\" srcset=\"https:\/\/galeriemariannegrob.com\/wp-content\/uploads\/2022\/02\/Kraut.jpg 350w, https:\/\/galeriemariannegrob.com\/wp-content\/uploads\/2022\/02\/Kraut-300x300.jpg 300w, https:\/\/galeriemariannegrob.com\/wp-content\/uploads\/2022\/02\/Kraut-150x150.jpg 150w\" sizes=\"auto, (max-width: 350px) 100vw, 350px\" \/><\/figure>\n<\/div><\/div><\/div><\/div><\/div><\/div>\n\n\n\n<div class=\"wp-block-columns is-layout-flex wp-container-core-columns-is-layout-9d6595d7 wp-block-columns-is-layout-flex\">\n<div class=\"wp-block-column space_mobile is-layout-flow wp-block-column-is-layout-flow\" style=\"flex-basis:55%\">\n<h2 class=\"wp-block-heading\" id=\"alexander-j-kraut\">alexander j. kraut<\/h2>\n\n\n\n<figure class=\"wp-block-table\"><table><tbody><tr><td>1965<\/td><td class=\"has-text-align-left\" data-align=\"left\">geboren in bernbeuren<\/td><\/tr><tr><td>1990<\/td><td class=\"has-text-align-left\" data-align=\"left\">studium bei prof. rudolf schoofs, staatliche akademie der bildenden k\u00fcnste stuttgart <\/td><\/tr><tr><td>1992<\/td><td class=\"has-text-align-left\" data-align=\"left\">manfred henninger-preis<\/td><\/tr><tr><td>1992<\/td><td class=\"has-text-align-left\" data-align=\"left\">auslandsstipendium moskau, k\u00fcnstlerwege e.v., stuttgart <\/td><\/tr><tr><td>1998<\/td><td class=\"has-text-align-left\" data-align=\"left\">graduiertenstipendium des landes baden-w\u00fcrttemberg <\/td><\/tr><tr><td>1999<\/td><td class=\"has-text-align-left\" data-align=\"left\">daad-stipendium new york <\/td><\/tr><tr><td>2000<\/td><td class=\"has-text-align-left\" data-align=\"left\">f\u00f6rderung, golart-stiftung, m\u00fcnchen <\/td><\/tr><tr><td>2000<\/td><td class=\"has-text-align-left\" data-align=\"left\">lehrauftrag f\u00fcr zeichnung, fachhochschule f\u00fcr gestaltung pforzheim <\/td><\/tr><tr><td>2002<\/td><td class=\"has-text-align-left\" data-align=\"left\">gastlehrauftrag, escuela nacional de artes pl\u00e1sticas, mexico city  2004\/05 cit\u00e8 des arts, paris <\/td><\/tr><tr><td>2006<\/td><td class=\"has-text-align-left\" data-align=\"left\">villa paula, galerie klatovy, klenov\u00e1 <\/td><\/tr><tr><td>2007<\/td><td class=\"has-text-align-left\" data-align=\"left\">yaddo, saratoga springs, new york <\/td><\/tr><\/tbody><\/table><\/figure>\n<\/div>\n<\/div>\n\n\n\n<p>auswahl ausstellungen<\/p>\n\n\n\n<div class=\"wp-block-columns is-layout-flex wp-container-core-columns-is-layout-9d6595d7 wp-block-columns-is-layout-flex\">\n<div class=\"wp-block-column is-layout-flow wp-block-column-is-layout-flow\" style=\"flex-basis:66.66%\">\n<figure class=\"wp-block-table\"><table><tbody><tr><td>2025<\/td><td>galerie marianne grob basel<\/td><\/tr><tr><td>2023<\/td><td>galerie 13, freising<\/td><\/tr><tr><td>2022<\/td><td>treffen auf halber strecke, kornacher kunstverein<\/td><\/tr><tr><td>2021<\/td><td>positionen III, galerie marianne grob<\/td><\/tr><tr><td>2020<\/td><td>kulturbahnhof starnberg<\/td><\/tr><tr><td>2017<\/td><td>positionen II, galerie marianne grob, basel<\/td><\/tr><tr><td>2015<\/td><td>hypericum, galerie marianne grob, basel<\/td><\/tr><tr><td>2014<\/td><td>bayerische akademie der sch\u00f6nen k\u00fcnste, m\u00fcnchen<br>st\u00e4dtische galerie reutlingen<\/td><\/tr><tr><td>2013<\/td><td>galerie marianne grob \u2013 unterwegs on tour: zu gast bei b16, luzern<br>schloss vor husum, husum<br>morat institut f\u00fcr kunst und kunstwissenschaften, freiburgim breisgau<\/td><\/tr><tr><td>2011<\/td><td>verein f\u00fcr originalradierung, m\u00fcnchen<\/td><\/tr><tr><td>2008<\/td><td>papiergebirge, galerie marianne grob, berlin<br>galerie arton, bonn<\/td><\/tr><tr><td>2007<\/td><td>galerie klatovy, klenov\u00e0<\/td><\/tr><tr><td>2006<\/td><td>galerie thron, reutlingen<\/td><\/tr><tr><td>2005<\/td><td>livre des images, galerie marianne grob, berlin<br>livre des images, centre culturel franco-allmand, karlsruhe<br>art cologne, galerie marianne grob, one man show<\/td><\/tr><tr><td>2003<\/td><td>sebastianskapelle, ulm<\/td><\/tr><tr><td>2002<\/td><td>unterwasserwiese, galerie marianne grob, berlin<br>hospitalhof stuttgart<\/td><\/tr><tr><td>2000<\/td><td>verein f\u00fcr originalradierung m\u00fcnchen<\/td><\/tr><tr><td>1999<\/td><td>kumulonimbus, galerie marianne grob, berlin<br>kumulonimbus, hans thoma gesellschaft reutlingen<br>kunstverein friedrichshafen<br>journey to the edge of the pencil, downtown cinema club, new york<\/td><\/tr><\/tbody><\/table><\/figure>\n<\/div>\n<\/div>\n","protected":false},"excerpt":{"rendered":"<p>alexander j. kraut 1965 geboren in bernbeuren 1990 studium bei prof. rudolf schoofs, staatliche akademie der bildenden k\u00fcnste stuttgart 1992 manfred henninger-preis 1992 auslandsstipendium moskau, k\u00fcnstlerwege e.v., stuttgart 1998 graduiertenstipendium des landes baden-w\u00fcrttemberg 1999 daad-stipendium new york 2000 f\u00f6rderung, golart-stiftung, m\u00fcnchen 2000 lehrauftrag f\u00fcr zeichnung, fachhochschule f\u00fcr gestaltung pforzheim 2002 gastlehrauftrag, escuela nacional de artes [&hellip;]<\/p>\n","protected":false},"author":1,"featured_media":0,"parent":11,"menu_order":0,"comment_status":"closed","ping_status":"closed","template":"","meta":{"footnotes":""},"class_list":["post-66","page","type-page","status-publish","hentry"],"_links":{"self":[{"href":"https:\/\/galeriemariannegrob.com\/index.php?rest_route=\/wp\/v2\/pages\/66","targetHints":{"allow":["GET"]}}],"collection":[{"href":"https:\/\/galeriemariannegrob.com\/index.php?rest_route=\/wp\/v2\/pages"}],"about":[{"href":"https:\/\/galeriemariannegrob.com\/index.php?rest_route=\/wp\/v2\/types\/page"}],"author":[{"embeddable":true,"href":"https:\/\/galeriemariannegrob.com\/index.php?rest_route=\/wp\/v2\/users\/1"}],"replies":[{"embeddable":true,"href":"https:\/\/galeriemariannegrob.com\/index.php?rest_route=%2Fwp%2Fv2%2Fcomments&post=66"}],"version-history":[{"count":20,"href":"https:\/\/galeriemariannegrob.com\/index.php?rest_route=\/wp\/v2\/pages\/66\/revisions"}],"predecessor-version":[{"id":3713,"href":"https:\/\/galeriemariannegrob.com\/index.php?rest_route=\/wp\/v2\/pages\/66\/revisions\/3713"}],"up":[{"embeddable":true,"href":"https:\/\/galeriemariannegrob.com\/index.php?rest_route=\/wp\/v2\/pages\/11"}],"wp:attachment":[{"href":"https:\/\/galeriemariannegrob.com\/index.php?rest_route=%2Fwp%2Fv2%2Fmedia&parent=66"}],"curies":[{"name":"wp","href":"https:\/\/api.w.org\/{rel}","templated":true}]}}