{"id":64,"date":"2021-08-15T17:53:19","date_gmt":"2021-08-15T17:53:19","guid":{"rendered":"https:\/\/new.galeriemariannegrob.com\/?page_id=64"},"modified":"2022-08-04T19:35:13","modified_gmt":"2022-08-04T19:35:13","slug":"barbara-jaeggi","status":"publish","type":"page","link":"https:\/\/galeriemariannegrob.com\/?page_id=64","title":{"rendered":"barbara j\u00e4ggi"},"content":{"rendered":"\n<div style=\"height:100px\" aria-hidden=\"true\" class=\"wp-block-spacer trenner\"><\/div>\n\n\n\n<div class=\"wp-block-getwid-section middlesection getwid-section-content-full-width\"><div class=\"wp-block-getwid-section__wrapper\" style=\"min-height:500px\"><div class=\"wp-block-getwid-section__inner-wrapper\"><div class=\"wp-block-getwid-section__background-holder\"><div class=\"wp-block-getwid-section__background\"><\/div><div class=\"wp-block-getwid-section__foreground\"><\/div><\/div><div class=\"wp-block-getwid-section__content\"><div class=\"wp-block-getwid-section__inner-content\"><div class=\"wp-block-image\">\n<figure class=\"aligncenter size-full\"><img loading=\"lazy\" decoding=\"async\" width=\"350\" height=\"350\" src=\"https:\/\/galeriemariannegrob.com\/wp-content\/uploads\/2022\/02\/Jaeggi-2.jpg\" alt=\"\" class=\"wp-image-1853\" srcset=\"https:\/\/galeriemariannegrob.com\/wp-content\/uploads\/2022\/02\/Jaeggi-2.jpg 350w, https:\/\/galeriemariannegrob.com\/wp-content\/uploads\/2022\/02\/Jaeggi-2-300x300.jpg 300w, https:\/\/galeriemariannegrob.com\/wp-content\/uploads\/2022\/02\/Jaeggi-2-150x150.jpg 150w\" sizes=\"auto, (max-width: 350px) 100vw, 350px\" \/><\/figure>\n<\/div><\/div><\/div><\/div><\/div><\/div>\n\n\n\n<div class=\"wp-block-columns is-layout-flex wp-container-core-columns-is-layout-9d6595d7 wp-block-columns-is-layout-flex\">\n<div class=\"wp-block-column space_mobile is-layout-flow wp-block-column-is-layout-flow\" style=\"flex-basis:55%\">\n<h2 class=\"wp-block-heading\" id=\"barbara-jaggi\">barbara j\u00e4ggi<\/h2>\n\n\n\n<figure class=\"wp-block-table\"><table><tbody><tr><td>1956<\/td><td class=\"has-text-align-left\" data-align=\"left\">geboren und aufgewachsen in madiswil, bern<br>lehre als textilentwerferin, einige jahre praxis<br>schule f\u00fcr gestaltung basel<br>schule f\u00fcr gestaltung luzern, abteilung freie kunst<\/td><\/tr><tr><td>1985<\/td><td class=\"has-text-align-left\" data-align=\"left\">freiberufliche bildhauerin, lebt in luzern<\/td><\/tr><tr><td>1991<\/td><td class=\"has-text-align-left\" data-align=\"left\">josef-ebinger-gedenkpreis<\/td><\/tr><tr><td>1992<\/td><td class=\"has-text-align-left\" data-align=\"left\">anerkennungspreis der stadt luzern<\/td><\/tr><tr><td>1994<\/td><td class=\"has-text-align-left\" data-align=\"left\">studienaufenthalt in paris, cit\u00e9 internationale des arts<\/td><\/tr><tr><td>1995<\/td><td class=\"has-text-align-left\" data-align=\"left\">studienaufenthalt in genua<\/td><\/tr><tr><td>2005<\/td><td class=\"has-text-align-left\" data-align=\"left\">studienaufenthalt in berlin, landis &amp; gyr-atelier der zentralschweizer kantone<\/td><\/tr><\/tbody><\/table><\/figure>\n<\/div>\n<\/div>\n\n\n\n<p>auswahl ausstellungen<\/p>\n\n\n\n<div class=\"wp-block-columns is-layout-flex wp-container-core-columns-is-layout-9d6595d7 wp-block-columns-is-layout-flex\">\n<div class=\"wp-block-column is-layout-flow wp-block-column-is-layout-flow\" style=\"flex-basis:66.66%\">\n<figure class=\"wp-block-table\"><table><tbody><tr><td>2022<\/td><td>nach der natur, galerie marianne grob, basel<\/td><\/tr><tr><td>2018<\/td><td>galerie kriens, luzern<\/td><\/tr><tr><td>2016<\/td><td>positionen I, galerie marianne grob, basel<\/td><\/tr><tr><td>2015<\/td><td>galerie apropos, kunsthalle, luzern<br><\/td><\/tr><tr><td>2014<\/td><td>barbara j\u00e4ggi &#8211; wolfgang kupczyk, galerie marianne grob, basel<br>ausstellung mit claudia walther, galerie am leewasser, brunnen<\/td><\/tr><tr><td>2013<\/td><td>galerie marianne grob &#8211; unterwegs on tour: zu gast bei b16, luzern<br>ausstellung mit j\u00f6rg mollet, galerie carla renggli, zug<br>2011 galerie hofmatt, sarnen<\/td><\/tr><tr><td>2011<\/td><td>galerie hofmatt, sarnen<\/td><\/tr><tr><td>2010<\/td><td>galerie tuttiart, luzern<\/td><\/tr><tr><td>2009<\/td><td>ausstellung mit ir\u00e8ne wydler, galerie carla renggli, zug<\/td><\/tr><tr><td>2007<\/td><td>bebilderung mit vera rothamel, hauptsitz luzerner kantonalbank<br>din a6 im kleintheater, luzern<br>galerie kriens<\/td><\/tr><tr><td>2006<\/td><td>lauter blech, kunstpanorama luzern<br>galerie das ding, luzern<\/td><\/tr><tr><td>2004<\/td><td>galerie carla renggli, zug<br>das g\u00e4stezimmer, wolhusen<\/td><\/tr><tr><td>2003<\/td><td>ausstellung mit heinz gadient, galerie keltenkeller, z\u00fcrich<br>rathaus sursee<\/td><\/tr><tr><td>2002<\/td><td>galerie st. martinskeller, adligenswil<\/td><\/tr><tr><td>2001<\/td><td>galerie ursula wiedenkeller, z\u00fcrich<br>\u00abfindlinge\u00bb (installation mit einer komposition von urban m\u00e4der), kornsch\u00fctte luzern<br>galerie apropos, luzern<\/td><\/tr><tr><td>2000<\/td><td>galerie englische kirche, meiringen<\/td><\/tr><tr><td>1999<\/td><td>galerie krienbach, kriens<\/td><\/tr><tr><td>1998<\/td><td>galerie margit haldemann, bern<\/td><\/tr><tr><td>1997<\/td><td>galerie hofmatt, sarnen<\/td><\/tr><tr><td>1996<\/td><td>galerie priska meier, zell<\/td><\/tr><tr><td>1995<\/td><td>gemeindegalerie benzeholz, meggen<\/td><\/tr><tr><td>1994<\/td><td>ausstellung mit heinz gadient, galerie werner bommer, zug<\/td><\/tr><tr><td>1993<\/td><td>galerie hofmatt, sarnen<\/td><\/tr><tr><td>1992<\/td><td>ausstellung mit mundi nussbaumer, alte m\u00fchle langenthal<br>sommerausstellung, ermitage, beckenried<\/td><\/tr><tr><td>1991<\/td><td>ausstellung anl\u00e4sslich des projekts \u00abinnen \u2013 aussen, musik und bildende kunst\u00bb, boa-kulturzentrum, luzern<br>galerie o. t., luzern<\/td><\/tr><tr><td>1989<\/td><td>frauenzimmer, basel<\/td><\/tr><tr><td>1987<\/td><td>galerie chr\u00e4merhus, langenthal<br>artothek, emmenbr\u00fccke<\/td><\/tr><tr><td>1986<\/td><td>galerie prosart, luzern<\/td><\/tr><\/tbody><\/table><\/figure>\n<\/div>\n<\/div>\n","protected":false},"excerpt":{"rendered":"<p>barbara j\u00e4ggi 1956 geboren und aufgewachsen in madiswil, bernlehre als textilentwerferin, einige jahre praxisschule f\u00fcr gestaltung baselschule f\u00fcr gestaltung luzern, abteilung freie kunst 1985 freiberufliche bildhauerin, lebt in luzern 1991 josef-ebinger-gedenkpreis 1992 anerkennungspreis der stadt luzern 1994 studienaufenthalt in paris, cit\u00e9 internationale des arts 1995 studienaufenthalt in genua 2005 studienaufenthalt in berlin, landis &amp; gyr-atelier [&hellip;]<\/p>\n","protected":false},"author":1,"featured_media":0,"parent":11,"menu_order":0,"comment_status":"closed","ping_status":"closed","template":"","meta":{"footnotes":""},"class_list":["post-64","page","type-page","status-publish","hentry"],"_links":{"self":[{"href":"https:\/\/galeriemariannegrob.com\/index.php?rest_route=\/wp\/v2\/pages\/64","targetHints":{"allow":["GET"]}}],"collection":[{"href":"https:\/\/galeriemariannegrob.com\/index.php?rest_route=\/wp\/v2\/pages"}],"about":[{"href":"https:\/\/galeriemariannegrob.com\/index.php?rest_route=\/wp\/v2\/types\/page"}],"author":[{"embeddable":true,"href":"https:\/\/galeriemariannegrob.com\/index.php?rest_route=\/wp\/v2\/users\/1"}],"replies":[{"embeddable":true,"href":"https:\/\/galeriemariannegrob.com\/index.php?rest_route=%2Fwp%2Fv2%2Fcomments&post=64"}],"version-history":[{"count":16,"href":"https:\/\/galeriemariannegrob.com\/index.php?rest_route=\/wp\/v2\/pages\/64\/revisions"}],"predecessor-version":[{"id":3102,"href":"https:\/\/galeriemariannegrob.com\/index.php?rest_route=\/wp\/v2\/pages\/64\/revisions\/3102"}],"up":[{"embeddable":true,"href":"https:\/\/galeriemariannegrob.com\/index.php?rest_route=\/wp\/v2\/pages\/11"}],"wp:attachment":[{"href":"https:\/\/galeriemariannegrob.com\/index.php?rest_route=%2Fwp%2Fv2%2Fmedia&parent=64"}],"curies":[{"name":"wp","href":"https:\/\/api.w.org\/{rel}","templated":true}]}}