{"id":57,"date":"2021-08-15T17:53:19","date_gmt":"2021-08-15T17:53:19","guid":{"rendered":"https:\/\/new.galeriemariannegrob.com\/?page_id=57"},"modified":"2022-08-04T19:34:12","modified_gmt":"2022-08-04T19:34:12","slug":"kathleen-alisch","status":"publish","type":"page","link":"https:\/\/galeriemariannegrob.com\/?page_id=57","title":{"rendered":"kathleen alisch"},"content":{"rendered":"\n<div style=\"height:100px\" aria-hidden=\"true\" class=\"wp-block-spacer trenner\"><\/div>\n\n\n\n<div class=\"wp-block-getwid-section middlesection getwid-section-content-full-width\"><div class=\"wp-block-getwid-section__wrapper\" style=\"min-height:500px\"><div class=\"wp-block-getwid-section__inner-wrapper\"><div class=\"wp-block-getwid-section__background-holder\"><div class=\"wp-block-getwid-section__background\"><\/div><div class=\"wp-block-getwid-section__foreground\"><\/div><\/div><div class=\"wp-block-getwid-section__content\"><div class=\"wp-block-getwid-section__inner-content\"><div class=\"wp-block-image\">\n<figure class=\"aligncenter size-full\"><img loading=\"lazy\" decoding=\"async\" width=\"350\" height=\"350\" src=\"https:\/\/galeriemariannegrob.com\/wp-content\/uploads\/2022\/02\/alisch.jpg\" alt=\"\" class=\"wp-image-1876\" srcset=\"https:\/\/galeriemariannegrob.com\/wp-content\/uploads\/2022\/02\/alisch.jpg 350w, https:\/\/galeriemariannegrob.com\/wp-content\/uploads\/2022\/02\/alisch-300x300.jpg 300w, https:\/\/galeriemariannegrob.com\/wp-content\/uploads\/2022\/02\/alisch-150x150.jpg 150w\" sizes=\"auto, (max-width: 350px) 100vw, 350px\" \/><\/figure>\n<\/div><\/div><\/div><\/div><\/div><\/div>\n\n\n\n<div class=\"wp-block-columns is-layout-flex wp-container-core-columns-is-layout-9d6595d7 wp-block-columns-is-layout-flex\">\n<div class=\"wp-block-column space_mobile is-layout-flow wp-block-column-is-layout-flow\" style=\"flex-basis:55%\">\n<h2 class=\"wp-block-heading\" id=\"kathleen-alisch\">kathleen alisch<\/h2>\n\n\n\n<figure class=\"wp-block-table\"><table><tbody><tr><td>1979<\/td><td class=\"has-text-align-left\" data-align=\"left\">geboren in berlin<\/td><\/tr><tr><td>1999<\/td><td class=\"has-text-align-left\" data-align=\"left\">studium der humanmedizin, freie universit\u00e4t berlin<\/td><\/tr><tr><td>2000<\/td><td class=\"has-text-align-left\" data-align=\"left\">studium der visuellen kommunikation, universit\u00e4t der k\u00fcnste berlin<\/td><\/tr><tr><td>2006<\/td><td class=\"has-text-align-left\" data-align=\"left\">lili-preis, anerkennung, berlin<\/td><\/tr><tr><td>2007<\/td><td class=\"has-text-align-left\" data-align=\"left\">meistersch\u00fcler-studium unter der betreuung von prof. fons hickmann<\/td><\/tr><tr><td>2007<\/td><td class=\"has-text-align-left\" data-align=\"left\">marianne-brandt-preis f\u00fcr photographie, anerkennung<\/td><\/tr><tr><td>2009<\/td><td class=\"has-text-align-left\" data-align=\"left\">ansichten, vattenfall preis f\u00fcr fotografie, berlin<\/td><\/tr><tr><td>2009<\/td><td class=\"has-text-align-left\" data-align=\"left\">sch\u00f6ne aussichten, ibb &#8211; preis f\u00fcr photographie, berlin<\/td><\/tr><tr><td>2010<\/td><td class=\"has-text-align-left\" data-align=\"left\">nominierung f\u00fcr den paul huf award, amsterdam<\/td><\/tr><tr><td>2011<\/td><td class=\"has-text-align-left\" data-align=\"left\">fotopreis fundaci\u00f3n goethe, madrid<\/td><\/tr><tr><td><\/td><td class=\"has-text-align-left\" data-align=\"left\">opus preis, anerkennung, saarbr\u00fccken<\/td><\/tr><tr><td>2013<\/td><td class=\"has-text-align-left\" data-align=\"left\">prix de la photographie opus, centre culturel de recontre abbaye de neum\u00fcnster, luxembourg<\/td><\/tr><tr><td><\/td><td class=\"has-text-align-left\" data-align=\"left\">10. aenne-biermann-preis f\u00fcr gegenwartsfotografie, anerkennung, gera<\/td><\/tr><tr><td>2020<\/td><td class=\"has-text-align-left\" data-align=\"left\">arbeitsstipendien der senatsverwaltung f\u00fcr kultur und europa, berlin<\/td><\/tr><tr><td>2021<\/td><td class=\"has-text-align-left\" data-align=\"left\">ei photo prize, portugal<br>kassel dummy award, finalist<\/td><\/tr><tr><td>2022<\/td><td class=\"has-text-align-left\" data-align=\"left\">belfast photo festival, irland<\/td><\/tr><\/tbody><\/table><\/figure>\n\n\n\n<p>auswahl ausstellungen<\/p>\n\n\n\n<figure class=\"wp-block-table\"><table><tbody><tr><td>2022<\/td><td>photo 2022 international festival for photography, melbourne, australien<br>officine fotografiche rome, italien<br>kaatolje, space for visual culture, ankara, t\u00fcrkei<br><\/td><\/tr><tr><td>2021<\/td><td>noks art space, istanbul, t\u00fcrkei<br>galeria encontros da imagem esta\u00e7ao, barga, portugal<br>issp gallery, riga, litauen<\/td><\/tr><tr><td>2016<\/td><td>positionen I, galerie marianne grob, basel<\/td><\/tr><tr><td>2014<\/td><td>kathleen alisch &#8211; ingeborg l\u00fcscher, galerie marianne grob, basel<\/td><\/tr><tr><td>2013<\/td><td>galerie marianne grob &#8211; unterwegs on tour: zu gast bei der galerie bmb, amsterdam<br>galerie marianne grob \u2013 unterwegs on tour: zu gast bei b16, luzern<\/td><\/tr><tr><td>2012<\/td><td>museum st. wendel &amp; hbk saarbr\u00fccken<br>hbc galerie, berlin<\/td><\/tr><tr><td>2010<\/td><td>kathleen alisch &#8211; viktoria kirjuchina \/ jiro hatori, galerie marianne grob, berlin<br>codes, chiffren, zeichen, 4. europ\u00e4ischer monat der fotografie, berlin<\/td><\/tr><tr><td>2009<\/td><td>spirits, la chose, berlin<\/td><\/tr><tr><td>2008<\/td><td>poesie des allt\u00e4glichen, marianne brandt gesellschaft, chemnitz<\/td><\/tr><\/tbody><\/table><\/figure>\n<\/div>\n<\/div>\n\n\n\n<div class=\"wp-block-columns is-layout-flex wp-container-core-columns-is-layout-9d6595d7 wp-block-columns-is-layout-flex\">\n<div class=\"wp-block-column is-layout-flow wp-block-column-is-layout-flow\" style=\"flex-basis:66.66%\"><\/div>\n<\/div>\n","protected":false},"excerpt":{"rendered":"<p>kathleen alisch 1979 geboren in berlin 1999 studium der humanmedizin, freie universit\u00e4t berlin 2000 studium der visuellen kommunikation, universit\u00e4t der k\u00fcnste berlin 2006 lili-preis, anerkennung, berlin 2007 meistersch\u00fcler-studium unter der betreuung von prof. fons hickmann 2007 marianne-brandt-preis f\u00fcr photographie, anerkennung 2009 ansichten, vattenfall preis f\u00fcr fotografie, berlin 2009 sch\u00f6ne aussichten, ibb &#8211; preis f\u00fcr photographie, [&hellip;]<\/p>\n","protected":false},"author":1,"featured_media":0,"parent":11,"menu_order":0,"comment_status":"closed","ping_status":"closed","template":"","meta":{"footnotes":""},"class_list":["post-57","page","type-page","status-publish","hentry"],"_links":{"self":[{"href":"https:\/\/galeriemariannegrob.com\/index.php?rest_route=\/wp\/v2\/pages\/57","targetHints":{"allow":["GET"]}}],"collection":[{"href":"https:\/\/galeriemariannegrob.com\/index.php?rest_route=\/wp\/v2\/pages"}],"about":[{"href":"https:\/\/galeriemariannegrob.com\/index.php?rest_route=\/wp\/v2\/types\/page"}],"author":[{"embeddable":true,"href":"https:\/\/galeriemariannegrob.com\/index.php?rest_route=\/wp\/v2\/users\/1"}],"replies":[{"embeddable":true,"href":"https:\/\/galeriemariannegrob.com\/index.php?rest_route=%2Fwp%2Fv2%2Fcomments&post=57"}],"version-history":[{"count":22,"href":"https:\/\/galeriemariannegrob.com\/index.php?rest_route=\/wp\/v2\/pages\/57\/revisions"}],"predecessor-version":[{"id":3097,"href":"https:\/\/galeriemariannegrob.com\/index.php?rest_route=\/wp\/v2\/pages\/57\/revisions\/3097"}],"up":[{"embeddable":true,"href":"https:\/\/galeriemariannegrob.com\/index.php?rest_route=\/wp\/v2\/pages\/11"}],"wp:attachment":[{"href":"https:\/\/galeriemariannegrob.com\/index.php?rest_route=%2Fwp%2Fv2%2Fmedia&parent=57"}],"curies":[{"name":"wp","href":"https:\/\/api.w.org\/{rel}","templated":true}]}}