{"id":55,"date":"2021-08-15T17:53:19","date_gmt":"2021-08-15T17:53:19","guid":{"rendered":"https:\/\/new.galeriemariannegrob.com\/?page_id=55"},"modified":"2022-08-04T19:33:59","modified_gmt":"2022-08-04T19:33:59","slug":"jo-achermann","status":"publish","type":"page","link":"https:\/\/galeriemariannegrob.com\/?page_id=55","title":{"rendered":"jo achermann"},"content":{"rendered":"\n<div style=\"height:100px\" aria-hidden=\"true\" class=\"wp-block-spacer trenner\"><\/div>\n\n\n\n<div class=\"wp-block-getwid-section middlesection getwid-section-content-full-width\"><div class=\"wp-block-getwid-section__wrapper\" style=\"min-height:500px\"><div class=\"wp-block-getwid-section__inner-wrapper\"><div class=\"wp-block-getwid-section__background-holder\"><div class=\"wp-block-getwid-section__background\"><\/div><div class=\"wp-block-getwid-section__foreground\"><\/div><\/div><div class=\"wp-block-getwid-section__content\"><div class=\"wp-block-getwid-section__inner-content\"><div class=\"wp-block-image\">\n<figure class=\"aligncenter size-full is-resized\"><img loading=\"lazy\" decoding=\"async\" src=\"https:\/\/galeriemariannegrob.com\/wp-content\/uploads\/2022\/02\/Achermann-1.jpg\" alt=\"\" class=\"wp-image-1841\" width=\"350\" height=\"350\" srcset=\"https:\/\/galeriemariannegrob.com\/wp-content\/uploads\/2022\/02\/Achermann-1.jpg 350w, https:\/\/galeriemariannegrob.com\/wp-content\/uploads\/2022\/02\/Achermann-1-300x300.jpg 300w, https:\/\/galeriemariannegrob.com\/wp-content\/uploads\/2022\/02\/Achermann-1-150x150.jpg 150w\" sizes=\"auto, (max-width: 350px) 100vw, 350px\" \/><\/figure>\n<\/div><\/div><\/div><\/div><\/div><\/div>\n\n\n\n<div class=\"wp-block-columns is-layout-flex wp-container-core-columns-is-layout-9d6595d7 wp-block-columns-is-layout-flex\">\n<div class=\"wp-block-column space_mobile is-layout-flow wp-block-column-is-layout-flow\" style=\"flex-basis:55%\">\n<h2 class=\"j-problem wp-block-heading\" id=\"jo-achermann\">jo achermann<\/h2>\n\n\n\n<figure class=\"wp-block-table\"><table><tbody><tr><td>1954<\/td><td class=\"has-text-align-left\" data-align=\"left\">geboren in stans, nw<\/td><\/tr><tr><td>1976<\/td><td class=\"has-text-align-left\" data-align=\"left\">vorkurs, plastisches gestalten bei a. egloff, schule f\u00fcr gestaltung luzern<\/td><\/tr><tr><td>1980<\/td><td class=\"has-text-align-left\" data-align=\"left\">studium an der kunstakademie d\u00fcsseldorf, orientierungsbereich bildhauerei bei prof. g. uecker<\/td><\/tr><tr><td>1984<\/td><td class=\"has-text-align-left\" data-align=\"left\">bernhard-hoetger preis und aufenthalt in new york<\/td><\/tr><tr><td>1986<\/td><td class=\"has-text-align-left\" data-align=\"left\">meistersch\u00fcler bei prof. uecker<\/td><\/tr><tr><td>1987<\/td><td class=\"has-text-align-left\" data-align=\"left\">eidgen\u00f6ssisches kunststipendium der schweiz<\/td><\/tr><tr><td>1994<\/td><td class=\"has-text-align-left\" data-align=\"left\">professor f\u00fcr bildhauerei, lehrstuhl plastisches gestalten, btu cottbus<\/td><\/tr><\/tbody><\/table><\/figure>\n\n\n\n<p>auswahl ausstellungen<\/p>\n\n\n\n<figure class=\"wp-block-table\"><table><tbody><tr><td>2021<\/td><td>orte obwalden<\/td><\/tr><tr><td>2020<\/td><td>durchblick &#8211; einblick &#8211; schichten, galerie marianne grob, basel<\/td><\/tr><tr><td>2019<\/td><td>as time goes by, jetzt kunst, kunst in der stadt, murten<\/td><\/tr><tr><td>2018<\/td><td>holzschnitt now!, kunstmuseum spendhaus, xylon deutschland und schweiz mit g\u00e4sten, reutlingen<\/td><\/tr><tr><td><\/td><td>schwarzweiss XI , galerie marianne grob, basel<\/td><\/tr><tr><td>2016<\/td><td>von au\u00dfen nach innen. von ort zu ort, amtsteich, museum dkw, cottbus<\/td><\/tr><tr><td>2015<\/td><td>jo achermann &#8211; friederike van duiven, galerie marianne grob, basel<\/td><\/tr><tr><td>2014<\/td><td>innen-raum 3 und -orte galerie hofmatt, obwalden, sarnen<\/td><\/tr><tr><td>2013<\/td><td>galerie marianne grob &#8211; unterwegs on tour: zu gast bei b16, luzern<\/td><\/tr><tr><td><\/td><td>galerie marianne grob &#8211; unterwegs on tour: zu gast bei der galerie bmb, amsterdam<\/td><\/tr><tr><td><\/td><td>xylon jubeldruck, kunstmuseum spendhaus, reutlingen<\/td><\/tr><tr><td>2012<\/td><td>die quadratur des blicks, turbine, giswil<\/td><\/tr><tr><td><\/td><td>best of papa jo\u00b4s, kunstmuseum dieselkraftwerk cottbus<\/td><\/tr><tr><td>2010<\/td><td>raumskulptur, galerie marianne grob, berlin<\/td><\/tr><tr><td>2009<\/td><td>galerie marianne grob &#8211; unterwegs on tour: zu gast bei sphinx, luzern<\/td><\/tr><tr><td>2007<\/td><td>schwarzweiss X, galerie marianne grob, berlin<\/td><\/tr><tr><td><\/td><td>innen-raum II, galerie hofmatt, sarnen<\/td><\/tr><tr><td>2006<\/td><td>schwarzweiss IX, galerie marianne grob, berlin<\/td><\/tr><tr><td><\/td><td>kottbuskunst, kunstmuseum dieselkraftwerk, cottbus<\/td><\/tr><tr><td><\/td><td>countdown 01-00, heidelberger kunstverein, heidelberg<\/td><\/tr><tr><td>2004<\/td><td>was gibt\u00b4s neues (sammlung), brandenburgische kunstsammlungen cottbus, cottbus<\/td><\/tr><tr><td><\/td><td>jo achermann horizont, verflechtungkunsthaus zug<\/td><\/tr><tr><td>2003<\/td><td>now 03, nidwaldner museum und h\u00f6fli, stans<\/td><\/tr><tr><td><\/td><td>horizont -verflechtung, kunsthaus zug<\/td><\/tr><tr><td>2002<\/td><td>innenaussen 1 und innenaussen 2, kunsthaus zug forum vebikus, schaffhausen<\/td><\/tr><tr><td>2001<\/td><td>\u00abraumskulptur\u00bb, galerie marianne grob, berlin<\/td><\/tr><tr><td><\/td><td>das flache land, brandenburgische kunstsammlungen cottbus<\/td><\/tr><tr><td>2000<\/td><td>abstraktion im holzdruck (sommerausstellung, sammlung), st\u00e4dtisches kunstmuseum, spendhaus reutlingen<\/td><\/tr><tr><td>1992<\/td><td>awangarda (pl) bwa, kunsthalle breslau, wroclaw<\/td><\/tr><tr><td>1990<\/td><td>international art expo, galerie dorothea van der koelen, chicago (usa)<\/td><\/tr><\/tbody><\/table><\/figure>\n<\/div>\n<\/div>\n","protected":false},"excerpt":{"rendered":"<p>jo achermann 1954 geboren in stans, nw 1976 vorkurs, plastisches gestalten bei a. egloff, schule f\u00fcr gestaltung luzern 1980 studium an der kunstakademie d\u00fcsseldorf, orientierungsbereich bildhauerei bei prof. g. uecker 1984 bernhard-hoetger preis und aufenthalt in new york 1986 meistersch\u00fcler bei prof. uecker 1987 eidgen\u00f6ssisches kunststipendium der schweiz 1994 professor f\u00fcr bildhauerei, lehrstuhl plastisches gestalten, [&hellip;]<\/p>\n","protected":false},"author":1,"featured_media":0,"parent":11,"menu_order":0,"comment_status":"closed","ping_status":"closed","template":"","meta":{"footnotes":""},"class_list":["post-55","page","type-page","status-publish","hentry"],"_links":{"self":[{"href":"https:\/\/galeriemariannegrob.com\/index.php?rest_route=\/wp\/v2\/pages\/55","targetHints":{"allow":["GET"]}}],"collection":[{"href":"https:\/\/galeriemariannegrob.com\/index.php?rest_route=\/wp\/v2\/pages"}],"about":[{"href":"https:\/\/galeriemariannegrob.com\/index.php?rest_route=\/wp\/v2\/types\/page"}],"author":[{"embeddable":true,"href":"https:\/\/galeriemariannegrob.com\/index.php?rest_route=\/wp\/v2\/users\/1"}],"replies":[{"embeddable":true,"href":"https:\/\/galeriemariannegrob.com\/index.php?rest_route=%2Fwp%2Fv2%2Fcomments&post=55"}],"version-history":[{"count":51,"href":"https:\/\/galeriemariannegrob.com\/index.php?rest_route=\/wp\/v2\/pages\/55\/revisions"}],"predecessor-version":[{"id":3096,"href":"https:\/\/galeriemariannegrob.com\/index.php?rest_route=\/wp\/v2\/pages\/55\/revisions\/3096"}],"up":[{"embeddable":true,"href":"https:\/\/galeriemariannegrob.com\/index.php?rest_route=\/wp\/v2\/pages\/11"}],"wp:attachment":[{"href":"https:\/\/galeriemariannegrob.com\/index.php?rest_route=%2Fwp%2Fv2%2Fmedia&parent=55"}],"curies":[{"name":"wp","href":"https:\/\/api.w.org\/{rel}","templated":true}]}}