{"id":4157,"date":"2025-10-17T12:39:27","date_gmt":"2025-10-17T12:39:27","guid":{"rendered":"https:\/\/galeriemariannegrob.com\/?page_id=4157"},"modified":"2025-10-21T14:49:33","modified_gmt":"2025-10-21T14:49:33","slug":"anna-wiesendanger","status":"publish","type":"page","link":"https:\/\/galeriemariannegrob.com\/?page_id=4157","title":{"rendered":"anna barbara wiesendanger"},"content":{"rendered":"\n<div style=\"height:100px\" aria-hidden=\"true\" class=\"wp-block-spacer trenner\"><\/div>\n\n\n\n<div class=\"wp-block-getwid-section middlesection getwid-section-content-full-width\"><div class=\"wp-block-getwid-section__wrapper\" style=\"min-height:500px\"><div class=\"wp-block-getwid-section__inner-wrapper\"><div class=\"wp-block-getwid-section__background-holder\"><div class=\"wp-block-getwid-section__background\"><\/div><div class=\"wp-block-getwid-section__foreground\"><\/div><\/div><div class=\"wp-block-getwid-section__content\"><div class=\"wp-block-getwid-section__inner-content\"><div class=\"wp-block-image\">\n<figure class=\"aligncenter size-full\"><img loading=\"lazy\" decoding=\"async\" width=\"350\" height=\"350\" src=\"https:\/\/galeriemariannegrob.com\/wp-content\/uploads\/2025\/10\/IMG_4110_350_px.jpg\" alt=\"\" class=\"wp-image-4155\" srcset=\"https:\/\/galeriemariannegrob.com\/wp-content\/uploads\/2025\/10\/IMG_4110_350_px.jpg 350w, https:\/\/galeriemariannegrob.com\/wp-content\/uploads\/2025\/10\/IMG_4110_350_px-300x300.jpg 300w, https:\/\/galeriemariannegrob.com\/wp-content\/uploads\/2025\/10\/IMG_4110_350_px-150x150.jpg 150w\" sizes=\"auto, (max-width: 350px) 100vw, 350px\" \/><\/figure>\n<\/div><\/div><\/div><\/div><\/div><\/div>\n\n\n\n<div class=\"wp-block-columns is-layout-flex wp-container-core-columns-is-layout-9d6595d7 wp-block-columns-is-layout-flex\">\n<div class=\"wp-block-column space_mobile is-layout-flow wp-block-column-is-layout-flow\" style=\"flex-basis:55%\">\n<h2 class=\"wp-block-heading\" id=\"cecile-wick\">anja wiesendanger<\/h2>\n\n\n\n<figure class=\"wp-block-table\"><table><tbody><tr><td>1952<\/td><td class=\"has-text-align-left\" data-align=\"left\">geboren in aarau<\/td><\/tr><tr><td><\/td><td class=\"has-text-align-left\" data-align=\"left\">lebt und arbeitet in basel<\/td><\/tr><tr><td><\/td><td class=\"has-text-align-left\" data-align=\"left\"><\/td><\/tr><\/tbody><\/table><\/figure>\n\n\n\n<p>auswahl ausstellungen<\/p>\n\n\n\n<div class=\"wp-block-columns is-layout-flex wp-container-core-columns-is-layout-9d6595d7 wp-block-columns-is-layout-flex\">\n<div class=\"wp-block-column is-layout-flow wp-block-column-is-layout-flow\" style=\"flex-basis:66.66%\">\n<figure class=\"wp-block-table\"><table><tbody><tr><td>2025<\/td><td>galerie marianne grob basel<\/td><\/tr><tr><td>2018<\/td><td>galerie gis\u00e8le linder basel mit andrea wolfensberger<\/td><\/tr><tr><td>2014<\/td><td>galerie gilla l\u00f6rcher<\/td><\/tr><tr><td>2010<\/td><td>kisterem budapest<\/td><\/tr><tr><td>1998<\/td><td>galerie claude &amp; fabian walter basel<\/td><\/tr><tr><td>1997<\/td><td>kunstraum burgdorf<\/td><\/tr><tr><td>1996<\/td><td>galerie werkstatt reinach<\/td><\/tr><tr><td>1993<\/td><td>galerie st\u00e4hli &amp;st\u00e4hli oberdiessbach<\/td><\/tr><tr><td>1991<\/td><td>galerie fo\u00ebx, genf<\/td><\/tr><tr><td>1991<\/td><td>galerie brandstetter und wyss, z\u00fcrich<\/td><\/tr><tr><td>1985<\/td><td>raum f\u00fcr aktuelle&nbsp; schweizer kunst<\/td><\/tr><tr><td>2023<\/td><td>weg ist weg, space 25, basel<\/td><\/tr><tr><td>2022<\/td><td>frauen k\u00f6rper pornografie, amerbach studios, basel<\/td><\/tr><tr><td>2021<\/td><td>bewegt \u2013 tektonisch, malzsiloturm, werkraum warteck, basel<\/td><\/tr><tr><td>2020<\/td><td>motor, kunstraum riehen<\/td><\/tr><tr><td>2017<\/td><td>videof\u00f6rmig, kaskadenkondensator basel<\/td><\/tr><tr><td>2015<\/td><td>\u00fcberzeichnen von basel aus, kunsthaus basel-land<\/td><\/tr><tr><td>2015<\/td><td>all-risk, helvetia art foyer basel<\/td><\/tr><tr><td>2013<\/td><td>shape the scape, widmer +theodoridis z\u00fcrich<\/td><\/tr><tr><td>2013<\/td><td>de l\u2018inachev\u00e9 \u00e0 la ruine, ancienne hall cff, lausanne<\/td><\/tr><tr><td>2013<\/td><td>&nbsp;galerie maeder basel<\/td><\/tr><tr><td>2011<\/td><td>kunsthaus baselland, regionsale 12<\/td><\/tr><tr><td>2010<\/td><td>fabrikculture regionale 11<\/td><\/tr><tr><td>2007<\/td><td>espace st.fran\u00e7ois, lausanne<\/td><\/tr><tr><td>2007<\/td><td>schwarzweiss III, galerie marianne grob berlin<\/td><\/tr><tr><td>2006<\/td><td>vom schweifen der linien, seedamm kulturzentrum pf\u00e4ffikon<\/td><\/tr><tr><td>2004<\/td><td>zimmermannhaus brugg<\/td><\/tr><tr><td>2003<\/td><td>galerie hans-trudel-haus, bade<\/td><\/tr><tr><td>2001<\/td><td>jahresausstellung der kunsthalle basel<\/td><\/tr><tr><td>1999<\/td><td>schwarzweiss V, galerie marianne grob basel<\/td><\/tr><tr><td>1997<\/td><td>schwarzweiss IV, galerie marianne grob berlin<\/td><\/tr><tr><td>1995<\/td><td>schwarzweiss II, galerie marianne grob berlin<\/td><\/tr><\/tbody><\/table><\/figure>\n<\/div>\n<\/div>\n<\/div>\n<\/div>\n","protected":false},"excerpt":{"rendered":"<p>anja wiesendanger 1952 geboren in aarau lebt und arbeitet in basel auswahl ausstellungen 2025 galerie marianne grob basel 2018 galerie gis\u00e8le linder basel mit andrea wolfensberger 2014 galerie gilla l\u00f6rcher 2010 kisterem budapest 1998 galerie claude &amp; fabian walter basel 1997 kunstraum burgdorf 1996 galerie werkstatt reinach 1993 galerie st\u00e4hli &amp;st\u00e4hli oberdiessbach 1991 galerie fo\u00ebx, [&hellip;]<\/p>\n","protected":false},"author":3,"featured_media":0,"parent":11,"menu_order":0,"comment_status":"closed","ping_status":"closed","template":"","meta":{"footnotes":""},"class_list":["post-4157","page","type-page","status-publish","hentry"],"_links":{"self":[{"href":"https:\/\/galeriemariannegrob.com\/index.php?rest_route=\/wp\/v2\/pages\/4157","targetHints":{"allow":["GET"]}}],"collection":[{"href":"https:\/\/galeriemariannegrob.com\/index.php?rest_route=\/wp\/v2\/pages"}],"about":[{"href":"https:\/\/galeriemariannegrob.com\/index.php?rest_route=\/wp\/v2\/types\/page"}],"author":[{"embeddable":true,"href":"https:\/\/galeriemariannegrob.com\/index.php?rest_route=\/wp\/v2\/users\/3"}],"replies":[{"embeddable":true,"href":"https:\/\/galeriemariannegrob.com\/index.php?rest_route=%2Fwp%2Fv2%2Fcomments&post=4157"}],"version-history":[{"count":9,"href":"https:\/\/galeriemariannegrob.com\/index.php?rest_route=\/wp\/v2\/pages\/4157\/revisions"}],"predecessor-version":[{"id":4179,"href":"https:\/\/galeriemariannegrob.com\/index.php?rest_route=\/wp\/v2\/pages\/4157\/revisions\/4179"}],"up":[{"embeddable":true,"href":"https:\/\/galeriemariannegrob.com\/index.php?rest_route=\/wp\/v2\/pages\/11"}],"wp:attachment":[{"href":"https:\/\/galeriemariannegrob.com\/index.php?rest_route=%2Fwp%2Fv2%2Fmedia&parent=4157"}],"curies":[{"name":"wp","href":"https:\/\/api.w.org\/{rel}","templated":true}]}}