{"id":407,"date":"2021-09-27T08:11:42","date_gmt":"2021-09-27T08:11:42","guid":{"rendered":"https:\/\/new.galeriemariannegrob.com\/?page_id=407"},"modified":"2024-05-30T13:49:26","modified_gmt":"2024-05-30T13:49:26","slug":"gert-handschin","status":"publish","type":"page","link":"https:\/\/galeriemariannegrob.com\/?page_id=407","title":{"rendered":"gert handschin"},"content":{"rendered":"\n<div style=\"height:100px\" aria-hidden=\"true\" class=\"wp-block-spacer trenner\"><\/div>\n\n\n\n<div class=\"wp-block-getwid-section middlesection getwid-section-content-full-width\"><div class=\"wp-block-getwid-section__wrapper\" style=\"min-height:500px\"><div class=\"wp-block-getwid-section__inner-wrapper\"><div class=\"wp-block-getwid-section__background-holder\"><div class=\"wp-block-getwid-section__background\"><\/div><div class=\"wp-block-getwid-section__foreground\"><\/div><\/div><div class=\"wp-block-getwid-section__content\"><div class=\"wp-block-getwid-section__inner-content\"><div class=\"wp-block-image\">\n<figure class=\"aligncenter size-full\"><img loading=\"lazy\" decoding=\"async\" width=\"350\" height=\"350\" src=\"https:\/\/galeriemariannegrob.com\/wp-content\/uploads\/2022\/03\/Gert_Handschin_1_112016_crop_bearbeitet.jpg\" alt=\"\" class=\"wp-image-2884\" srcset=\"https:\/\/galeriemariannegrob.com\/wp-content\/uploads\/2022\/03\/Gert_Handschin_1_112016_crop_bearbeitet.jpg 350w, https:\/\/galeriemariannegrob.com\/wp-content\/uploads\/2022\/03\/Gert_Handschin_1_112016_crop_bearbeitet-300x300.jpg 300w, https:\/\/galeriemariannegrob.com\/wp-content\/uploads\/2022\/03\/Gert_Handschin_1_112016_crop_bearbeitet-150x150.jpg 150w\" sizes=\"auto, (max-width: 350px) 100vw, 350px\" \/><\/figure>\n<\/div><\/div><\/div><\/div><\/div><\/div>\n\n\n\n<div class=\"wp-block-columns is-layout-flex wp-container-core-columns-is-layout-9d6595d7 wp-block-columns-is-layout-flex\">\n<div class=\"wp-block-column space_mobile is-layout-flow wp-block-column-is-layout-flow\" style=\"flex-basis:55%\">\n<h2 class=\"wp-block-heading\" id=\"gert-handschin\">gert handschin<\/h2>\n\n\n\n<figure class=\"wp-block-table\"><table><tbody><tr><td>1959<\/td><td class=\"has-text-align-left\" data-align=\"left\">geboren in basel<\/td><\/tr><tr><td>1978<\/td><td class=\"has-text-align-left\" data-align=\"left\">lehre als m\u00f6belschreiner<\/td><\/tr><tr><td>1984<\/td><td class=\"has-text-align-left\" data-align=\"left\">schule f\u00fcr gestaltung basel<\/td><\/tr><tr><td>1988<\/td><td class=\"has-text-align-left\" data-align=\"left\">eidgen\u00f6ssisches kunststpendium<\/td><\/tr><tr><td>1989<\/td><td class=\"has-text-align-left\" data-align=\"left\">kiefer-hablitzel-stipendium<\/td><\/tr><tr><td>1995<\/td><td class=\"has-text-align-left\" data-align=\"left\">werk- und zeichnungslehrer basel-stadt<\/td><\/tr><tr><td>1998<\/td><td class=\"has-text-align-left\" data-align=\"left\">kunststipendium, basel<\/td><\/tr><\/tbody><\/table><\/figure>\n\n\n\n<p>auswahl ausstellungen<\/p>\n\n\n\n<figure class=\"wp-block-table\"><table><tbody><tr><td>2024<\/td><td>im dialog zusammen mit val\u00e9rie balmer, pia gisler, galerie marianne grob, basel\u00a0<\/td><\/tr><tr><td>2021<\/td><td>positionen III, galerie marianne grob, basel<\/td><\/tr><tr><td>2020<\/td><td>maison 44, 2 positionen der konkreten kunst<br>zusammen mit suzanne daetwyler, <br>basel quartett, fabrikculture, h\u00e9genheim<\/td><\/tr><tr><td>2018<\/td><td>regionale 19, kunsthaus baselland<br>nicht ganz hundert, dock basel<br>artsource old customs fremantle, wa<\/td><\/tr><tr><td>2017<\/td><td>buffalo club, salon mondial, basel<\/td><\/tr><tr><td>2016<\/td><td>psas, fremantle,wa<\/td><\/tr><tr><td>2015<\/td><td>ping pong, 54, basel<br>regionale 16 m54, basel<br>china.ch, palazzo, liestal<br>regionale 15, kunsthalle, basel<br>regionale 15, kunstraum, riehen<\/td><\/tr><\/tbody><\/table><\/figure>\n<\/div>\n<\/div>\n","protected":false},"excerpt":{"rendered":"<p>gert handschin 1959 geboren in basel 1978 lehre als m\u00f6belschreiner 1984 schule f\u00fcr gestaltung basel 1988 eidgen\u00f6ssisches kunststpendium 1989 kiefer-hablitzel-stipendium 1995 werk- und zeichnungslehrer basel-stadt 1998 kunststipendium, basel auswahl ausstellungen 2024 im dialog zusammen mit val\u00e9rie balmer, pia gisler, galerie marianne grob, basel\u00a0 2021 positionen III, galerie marianne grob, basel 2020 maison 44, 2 positionen [&hellip;]<\/p>\n","protected":false},"author":1,"featured_media":0,"parent":11,"menu_order":0,"comment_status":"closed","ping_status":"closed","template":"","meta":{"footnotes":""},"class_list":["post-407","page","type-page","status-publish","hentry"],"_links":{"self":[{"href":"https:\/\/galeriemariannegrob.com\/index.php?rest_route=\/wp\/v2\/pages\/407","targetHints":{"allow":["GET"]}}],"collection":[{"href":"https:\/\/galeriemariannegrob.com\/index.php?rest_route=\/wp\/v2\/pages"}],"about":[{"href":"https:\/\/galeriemariannegrob.com\/index.php?rest_route=\/wp\/v2\/types\/page"}],"author":[{"embeddable":true,"href":"https:\/\/galeriemariannegrob.com\/index.php?rest_route=\/wp\/v2\/users\/1"}],"replies":[{"embeddable":true,"href":"https:\/\/galeriemariannegrob.com\/index.php?rest_route=%2Fwp%2Fv2%2Fcomments&post=407"}],"version-history":[{"count":17,"href":"https:\/\/galeriemariannegrob.com\/index.php?rest_route=\/wp\/v2\/pages\/407\/revisions"}],"predecessor-version":[{"id":3663,"href":"https:\/\/galeriemariannegrob.com\/index.php?rest_route=\/wp\/v2\/pages\/407\/revisions\/3663"}],"up":[{"embeddable":true,"href":"https:\/\/galeriemariannegrob.com\/index.php?rest_route=\/wp\/v2\/pages\/11"}],"wp:attachment":[{"href":"https:\/\/galeriemariannegrob.com\/index.php?rest_route=%2Fwp%2Fv2%2Fmedia&parent=407"}],"curies":[{"name":"wp","href":"https:\/\/api.w.org\/{rel}","templated":true}]}}