{"id":1770,"date":"2022-02-07T10:16:04","date_gmt":"2022-02-07T10:16:04","guid":{"rendered":"https:\/\/galeriemariannegrob.com\/?page_id=1770"},"modified":"2025-08-20T07:43:00","modified_gmt":"2025-08-20T07:43:00","slug":"artconsulting-2","status":"publish","type":"page","link":"https:\/\/galeriemariannegrob.com\/?page_id=1770","title":{"rendered":"artconsulting"},"content":{"rendered":"\n<div style=\"height:100px\" aria-hidden=\"true\" class=\"wp-block-spacer trenner\"><\/div>\n\n\n\n<div class=\"wp-block-getwid-section middlesection getwid-section-content-full-width\"><div class=\"wp-block-getwid-section__wrapper\" style=\"min-height:500px\"><div class=\"wp-block-getwid-section__inner-wrapper\"><div class=\"wp-block-getwid-section__background-holder\"><div class=\"wp-block-getwid-section__background\"><\/div><div class=\"wp-block-getwid-section__foreground\"><\/div><\/div><div class=\"wp-block-getwid-section__content\"><div class=\"wp-block-getwid-section__inner-content\">\n<div class=\"wp-block-columns is-layout-flex wp-container-core-columns-is-layout-9d6595d7 wp-block-columns-is-layout-flex\">\n<div class=\"wp-block-column is-layout-flow wp-block-column-is-layout-flow\" style=\"flex-basis:25%\"><\/div>\n\n\n\n<div class=\"wp-block-column is-layout-flow wp-block-column-is-layout-flow\" style=\"flex-basis:50%\"><div class=\"wp-block-image\">\n<figure class=\"aligncenter size-full\"><img loading=\"lazy\" decoding=\"async\" width=\"350\" height=\"350\" src=\"https:\/\/galeriemariannegrob.com\/wp-content\/uploads\/2022\/03\/3_Bild-Info-Art-Consulting0001.jpg\" alt=\"\" class=\"wp-image-2626\" srcset=\"https:\/\/galeriemariannegrob.com\/wp-content\/uploads\/2022\/03\/3_Bild-Info-Art-Consulting0001.jpg 350w, https:\/\/galeriemariannegrob.com\/wp-content\/uploads\/2022\/03\/3_Bild-Info-Art-Consulting0001-300x300.jpg 300w, https:\/\/galeriemariannegrob.com\/wp-content\/uploads\/2022\/03\/3_Bild-Info-Art-Consulting0001-150x150.jpg 150w\" sizes=\"auto, (max-width: 350px) 100vw, 350px\" \/><\/figure>\n<\/div><\/div>\n\n\n\n<div class=\"wp-block-column is-layout-flow wp-block-column-is-layout-flow\" style=\"flex-basis:25%\"><\/div>\n<\/div>\n<\/div><\/div><\/div><\/div><\/div>\n\n\n\n<h2 class=\"wp-block-heading grob\" id=\"barbara-jaggi\"><strong>galerie marianne grob<\/strong><\/h2>\n\n\n\n<div class=\"wp-block-columns is-layout-flex wp-container-core-columns-is-layout-9d6595d7 wp-block-columns-is-layout-flex\">\n<div class=\"wp-block-column is-layout-flow wp-block-column-is-layout-flow\">\n<p class=\"mobile2\" id=\"ein-schwerpunkt-meiner-arbeit-liegt-in-der-beratung-und-der-realisierung-von-kunstkonzepten-fur-geschafts-und-privatraume-in-all-diesen-projekten-steht-die-raumbezogene-integration-von-kunstwerken-im-vordergrund-zur-visualisierung-der-konzepte-erstellen-wir-digitale-montagen-mit-fotos-der-werke-in-fotos-der-vorgesehenen-raume-um-so-eine-optimale-entscheidungshilfe-zu-bieten-fur-die-kunstlerische-ausgestaltung-von-geschaftraumen-biete-ich-neben-beratung-und-verkauf-auch-leasing-und-kauf-leasing-modelle-an-die-galerie-erbringt-samtliche-leistungen-vom-dokumentierten-kunstkonzeptbis-zu-transport-und-montage-der-werke-an-ort-und-stelle\"><br><\/p>\n\n\n\n<p id=\"ein-schwerpunkt-meiner-arbeit-liegt-in-der-beratung-und-der-realisierung-von-kunstkonzepten-fur-geschafts-und-privatraume-in-all-diesen-projekten-steht-die-raumbezogene-integration-von-kunstwerken-im-vordergrund-zur-visualisierung-der-konzepte-erstellen-wir-digitale-montagen-mit-fotos-der-werke-in-fotos-der-vorgesehenen-raume-um-so-eine-optimale-entscheidungshilfe-zu-bieten-fur-die-kunstlerische-ausgestaltung-von-geschaftraumen-biete-ich-neben-beratung-und-verkauf-auch-leasing-und-kauf-leasing-modelle-an-die-galerie-erbringt-samtliche-leistungen-vom-dokumentierten-kunstkonzeptbis-zu-transport-und-montage-der-werke-an-ort-und-stelle\">ein schwerpunkt von marianne grobs arbeit liegt in der beratung sowie der realisierung von kunstkonzepten f\u00fcr gesch\u00e4fts- und privatr\u00e4ume. im zentrum steht dabei stets die raumbezogene integration der kunstwerke. zur visualisierung der konzepte werden digitale montagen erstellt \u2013 anhand von fotos der werke und der vorgesehenen r\u00e4ume \u2013 um eine optimale entscheidungshilfe zu bieten. die galerie \u00fcbernimmt s\u00e4mtliche leistungen: von der konzeptionellen ausarbeitung \u00fcber die dokumentation bis hin zu transport und fachgerechter montage der werke vor ort.<\/p>\n<\/div>\n\n\n\n<div class=\"wp-block-column is-layout-flow wp-block-column-is-layout-flow\">\n<p> <\/p>\n<\/div>\n\n\n\n<div class=\"wp-block-column is-layout-flow wp-block-column-is-layout-flow\"><\/div>\n<\/div>\n","protected":false},"excerpt":{"rendered":"<p>galerie marianne grob ein schwerpunkt von marianne grobs arbeit liegt in der beratung sowie der realisierung von kunstkonzepten f\u00fcr gesch\u00e4fts- und privatr\u00e4ume. im zentrum steht dabei stets die raumbezogene integration der kunstwerke. zur visualisierung der konzepte werden digitale montagen erstellt \u2013 anhand von fotos der werke und der vorgesehenen r\u00e4ume \u2013 um eine optimale entscheidungshilfe [&hellip;]<\/p>\n","protected":false},"author":3,"featured_media":0,"parent":0,"menu_order":0,"comment_status":"closed","ping_status":"closed","template":"","meta":{"footnotes":""},"class_list":["post-1770","page","type-page","status-publish","hentry"],"_links":{"self":[{"href":"https:\/\/galeriemariannegrob.com\/index.php?rest_route=\/wp\/v2\/pages\/1770","targetHints":{"allow":["GET"]}}],"collection":[{"href":"https:\/\/galeriemariannegrob.com\/index.php?rest_route=\/wp\/v2\/pages"}],"about":[{"href":"https:\/\/galeriemariannegrob.com\/index.php?rest_route=\/wp\/v2\/types\/page"}],"author":[{"embeddable":true,"href":"https:\/\/galeriemariannegrob.com\/index.php?rest_route=\/wp\/v2\/users\/3"}],"replies":[{"embeddable":true,"href":"https:\/\/galeriemariannegrob.com\/index.php?rest_route=%2Fwp%2Fv2%2Fcomments&post=1770"}],"version-history":[{"count":36,"href":"https:\/\/galeriemariannegrob.com\/index.php?rest_route=\/wp\/v2\/pages\/1770\/revisions"}],"predecessor-version":[{"id":4088,"href":"https:\/\/galeriemariannegrob.com\/index.php?rest_route=\/wp\/v2\/pages\/1770\/revisions\/4088"}],"wp:attachment":[{"href":"https:\/\/galeriemariannegrob.com\/index.php?rest_route=%2Fwp%2Fv2%2Fmedia&parent=1770"}],"curies":[{"name":"wp","href":"https:\/\/api.w.org\/{rel}","templated":true}]}}