{"id":1767,"date":"2022-02-07T10:16:04","date_gmt":"2022-02-07T10:16:04","guid":{"rendered":"https:\/\/galeriemariannegrob.com\/?page_id=1767"},"modified":"2025-12-07T08:18:46","modified_gmt":"2025-12-07T08:18:46","slug":"referenzen","status":"publish","type":"page","link":"https:\/\/galeriemariannegrob.com\/?page_id=1767","title":{"rendered":"Referenzen"},"content":{"rendered":"\n<div style=\"height:100px\" aria-hidden=\"true\" class=\"wp-block-spacer trenner\"><\/div>\n\n\n\n<div class=\"wp-block-getwid-section middlesection getwid-section-content-full-width\"><div class=\"wp-block-getwid-section__wrapper\" style=\"min-height:500px\"><div class=\"wp-block-getwid-section__inner-wrapper\"><div class=\"wp-block-getwid-section__background-holder\"><div class=\"wp-block-getwid-section__background\"><\/div><div class=\"wp-block-getwid-section__foreground\"><\/div><\/div><div class=\"wp-block-getwid-section__content\"><div class=\"wp-block-getwid-section__inner-content\">\n<div class=\"wp-block-columns is-layout-flex wp-container-core-columns-is-layout-9d6595d7 wp-block-columns-is-layout-flex\">\n<div class=\"wp-block-column is-layout-flow wp-block-column-is-layout-flow\" style=\"flex-basis:25%\"><\/div>\n\n\n\n<div class=\"wp-block-column is-layout-flow wp-block-column-is-layout-flow\" style=\"flex-basis:50%\"><div class=\"wp-block-image\">\n<figure class=\"aligncenter size-full\"><img loading=\"lazy\" decoding=\"async\" width=\"352\" height=\"352\" src=\"https:\/\/galeriemariannegrob.com\/wp-content\/uploads\/2022\/07\/ref_blank.jpg\" alt=\"\" class=\"wp-image-3075\" srcset=\"https:\/\/galeriemariannegrob.com\/wp-content\/uploads\/2022\/07\/ref_blank.jpg 352w, https:\/\/galeriemariannegrob.com\/wp-content\/uploads\/2022\/07\/ref_blank-300x300.jpg 300w, https:\/\/galeriemariannegrob.com\/wp-content\/uploads\/2022\/07\/ref_blank-150x150.jpg 150w\" sizes=\"auto, (max-width: 352px) 100vw, 352px\" \/><\/figure>\n<\/div><\/div>\n\n\n\n<div class=\"wp-block-column is-layout-flow wp-block-column-is-layout-flow\" style=\"flex-basis:25%\"><\/div>\n<\/div>\n<\/div><\/div><\/div><\/div><\/div>\n\n\n\n<h2 class=\"wp-block-heading mobile_margin\" id=\"barbara-jaggi\"><strong>referen<\/strong>zen<\/h2>\n\n\n\n<div class=\"wp-block-columns is-layout-flex wp-container-core-columns-is-layout-9d6595d7 wp-block-columns-is-layout-flex\">\n<div class=\"wp-block-column is-layout-flow wp-block-column-is-layout-flow\">\n<p>abb berlin<\/p>\n\n\n\n<p>\u00e4rztehaus konstanz<\/p>\n\n\n\n<p>allianz leipzig<\/p>\n\n\n\n<p>bank schroder z\u00fcrich<\/p>\n\n\n\n<p>bank vontobel m\u00fcnchen<\/p>\n\n\n\n<p>credit suisse und bank leu im haus der schweiz berlin<\/p>\n\n\n\n<p>ece atrium berlin<\/p>\n\n\n\n<p>gasag berlin<\/p>\n\n\n\n<p>graub\u00fcndner kantonalbank berlin<\/p>\n\n\n\n<p>hochtief berlin<\/p>\n\n\n\n<p>holtzbrinck verlag berlin<\/p>\n\n\n\n<p>hotel holliday inn schwerin<\/p>\n\n\n\n<p>ibtb philipp holzmann berlin<\/p>\n\n\n\n<p>ig bergbau und energie kagel<\/p>\n\n\n\n<p>immosuisse immobilien berlin<\/p>\n\n\n\n<p>kaphag immobilien berlin<\/p>\n\n\n\n<p>knoll, r\u00f6hrborn und partner berlin<\/p>\n\n\n\n<p>krankenhaus lichtenberg berlin<\/p>\n\n\n\n<p>krp treuhandgesellschaft berlin<\/p>\n\n\n\n<p>ltl berlin<\/p>\n\n\n\n<p>next level physio z\u00fcrich<\/p>\n\n\n\n<p>physio basel<\/p>\n\n\n\n<p>praxis dr. raymond vogel basel<\/p>\n\n\n\n<p>rechtsanw\u00e4lte andres, janecke, rodig frankfurt am main<\/p>\n\n\n\n<p>rechtsanwaltskanzlei dr. jessen und dr. pielsticker berlin<\/p>\n\n\n\n<p>rechtsanwaltskanzlei sandhage berlin<\/p>\n\n\n\n<p>ribag safenwil<\/p>\n\n\n\n<p>schloss thun<\/p>\n\n\n\n<p>schweizer botschaft berlin<\/p>\n\n\n\n<p>schweizerischer bankverein in berlin uund hamburg<\/p>\n\n\n\n<p>solvadis in frankfurt am main und m\u00fcnchen<\/p>\n\n\n\n<p>stadler rail bussnang<\/p>\n\n\n\n<p>telekom berlin<\/p>\n\n\n\n<p>ubs stuttgart<\/p>\n\n\n\n<p>ugbi bank in berlin und m\u00fcnchen<\/p>\n\n\n\n<p>volkswagen expo genf<\/p>\n\n\n\n<p>vtg hamburg<\/p>\n\n\n\n<p>wiebe steuerberater berlin<\/p>\n\n\n\n<p>wohnhaus in &#8211; bergdietikon &#8211; luzern &#8211; bleiken &#8211; muri bei bern &#8211; weiningen<\/p>\n\n\n\n<p>wohnungen in &#8211; basel &#8211; berlin &#8211; luzern &#8211; z\u00fcrich &#8211; st. moritz &#8211; bern &#8211; amsterdam &#8211; palma de mallorca<\/p>\n\n\n\n<p>zentrale postbank berlin<\/p>\n\n\n\n<p><\/p>\n<\/div>\n<\/div>\n","protected":false},"excerpt":{"rendered":"<p>referenzen abb berlin \u00e4rztehaus konstanz allianz leipzig bank schroder z\u00fcrich bank vontobel m\u00fcnchen credit suisse und bank leu im haus der schweiz berlin ece atrium berlin gasag berlin graub\u00fcndner kantonalbank berlin hochtief berlin holtzbrinck verlag berlin hotel holliday inn schwerin ibtb philipp holzmann berlin ig bergbau und energie kagel immosuisse immobilien berlin kaphag immobilien berlin [&hellip;]<\/p>\n","protected":false},"author":3,"featured_media":0,"parent":0,"menu_order":0,"comment_status":"closed","ping_status":"closed","template":"","meta":{"footnotes":""},"class_list":["post-1767","page","type-page","status-publish","hentry"],"_links":{"self":[{"href":"https:\/\/galeriemariannegrob.com\/index.php?rest_route=\/wp\/v2\/pages\/1767","targetHints":{"allow":["GET"]}}],"collection":[{"href":"https:\/\/galeriemariannegrob.com\/index.php?rest_route=\/wp\/v2\/pages"}],"about":[{"href":"https:\/\/galeriemariannegrob.com\/index.php?rest_route=\/wp\/v2\/types\/page"}],"author":[{"embeddable":true,"href":"https:\/\/galeriemariannegrob.com\/index.php?rest_route=\/wp\/v2\/users\/3"}],"replies":[{"embeddable":true,"href":"https:\/\/galeriemariannegrob.com\/index.php?rest_route=%2Fwp%2Fv2%2Fcomments&post=1767"}],"version-history":[{"count":39,"href":"https:\/\/galeriemariannegrob.com\/index.php?rest_route=\/wp\/v2\/pages\/1767\/revisions"}],"predecessor-version":[{"id":4237,"href":"https:\/\/galeriemariannegrob.com\/index.php?rest_route=\/wp\/v2\/pages\/1767\/revisions\/4237"}],"wp:attachment":[{"href":"https:\/\/galeriemariannegrob.com\/index.php?rest_route=%2Fwp%2Fv2%2Fmedia&parent=1767"}],"curies":[{"name":"wp","href":"https:\/\/api.w.org\/{rel}","templated":true}]}}