{"id":14,"date":"2021-08-15T16:39:29","date_gmt":"2021-08-15T16:39:29","guid":{"rendered":"https:\/\/new.galeriemariannegrob.com\/?page_id=14"},"modified":"2025-08-22T14:02:50","modified_gmt":"2025-08-22T14:02:50","slug":"info","status":"publish","type":"page","link":"https:\/\/galeriemariannegrob.com\/?page_id=14","title":{"rendered":"info"},"content":{"rendered":"\n<div style=\"height:100px\" aria-hidden=\"true\" class=\"wp-block-spacer trenner\"><\/div>\n\n\n\n<div class=\"wp-block-getwid-section middlesection getwid-section-content-full-width\"><div class=\"wp-block-getwid-section__wrapper\" style=\"min-height:500px\"><div class=\"wp-block-getwid-section__inner-wrapper\"><div class=\"wp-block-getwid-section__background-holder\"><div class=\"wp-block-getwid-section__background\"><\/div><div class=\"wp-block-getwid-section__foreground\"><\/div><\/div><div class=\"wp-block-getwid-section__content\"><div class=\"wp-block-getwid-section__inner-content\">\n<div class=\"wp-block-columns is-layout-flex wp-container-core-columns-is-layout-9d6595d7 wp-block-columns-is-layout-flex\">\n<div class=\"wp-block-column is-layout-flow wp-block-column-is-layout-flow\" style=\"flex-basis:25%\"><\/div>\n\n\n\n<div class=\"wp-block-column is-layout-flow wp-block-column-is-layout-flow\" style=\"flex-basis:50%\"><div class=\"wp-block-image\">\n<figure class=\"aligncenter size-full\"><img loading=\"lazy\" decoding=\"async\" width=\"352\" height=\"352\" src=\"https:\/\/galeriemariannegrob.com\/wp-content\/uploads\/2022\/03\/website007_Galerie_Marianne_Grob_Vernissage_Positionen_II_DSC09444-2.jpg\" alt=\"\" class=\"wp-image-2623\" srcset=\"https:\/\/galeriemariannegrob.com\/wp-content\/uploads\/2022\/03\/website007_Galerie_Marianne_Grob_Vernissage_Positionen_II_DSC09444-2.jpg 352w, https:\/\/galeriemariannegrob.com\/wp-content\/uploads\/2022\/03\/website007_Galerie_Marianne_Grob_Vernissage_Positionen_II_DSC09444-2-300x300.jpg 300w, https:\/\/galeriemariannegrob.com\/wp-content\/uploads\/2022\/03\/website007_Galerie_Marianne_Grob_Vernissage_Positionen_II_DSC09444-2-150x150.jpg 150w\" sizes=\"auto, (max-width: 352px) 100vw, 352px\" \/><\/figure>\n<\/div><\/div>\n\n\n\n<div class=\"wp-block-column is-layout-flow wp-block-column-is-layout-flow\" style=\"flex-basis:25%\"><\/div>\n<\/div>\n<\/div><\/div><\/div><\/div><\/div>\n\n\n\n<h2 class=\"wp-block-heading\" id=\"barbara-jaggi\"><strong>galerie marianne grob<\/strong><\/h2>\n\n\n\n<div class=\"wp-block-columns is-layout-flex wp-container-core-columns-is-layout-9d6595d7 wp-block-columns-is-layout-flex\">\n<div class=\"wp-block-column is-layout-flow wp-block-column-is-layout-flow\">\n<p class=\"mobile2\" id=\"ein-schwerpunkt-meiner-arbeit-liegt-in-der-beratung-und-der-realisierung-von-kunstkonzepten-fur-geschafts-und-privatraume-in-all-diesen-projekten-steht-die-raumbezogene-integration-von-kunstwerken-im-vordergrund-zur-visualisierung-der-konzepte-erstellen-wir-digitale-montagen-mit-fotos-der-werke-in-fotos-der-vorgesehenen-raume-um-so-eine-optimale-entscheidungshilfe-zu-bieten-fur-die-kunstlerische-ausgestaltung-von-geschaftraumen-biete-ich-neben-beratung-und-verkauf-auch-leasing-und-kauf-leasing-modelle-an-die-galerie-erbringt-samtliche-leistungen-vom-dokumentierten-kunstkonzeptbis-zu-transport-und-montage-der-werke-an-ort-und-stelle\"><br>marianne grob gr\u00fcndete die galerie 1985 in luzern \u2013 mit einem fokus auf aktuelle positionen der malerei, fotografie und arbeiten auf papier. 1993 folgte die erweiterung um einen standort in berlin-kreuzberg, ab 1999 bis 2013 war die galerie in der linienstra\u00dfe in berlin-mitte pr\u00e4sent. dort wurden in gro\u00dfz\u00fcgigen, attraktiven r\u00e4umen zahlreiche erfolgreiche ausstellungen in enger zusammenarbeit mit den k\u00fcnstler:innen realisiert. derzeit kuratiert marianne grob regelm\u00e4\u00dfig kunstprojekte im in- und ausland und integriert die werke in innovative raumkonzepte. mit dem umzug nach basel im jahr 2014 entstanden am neuen standort drei kleine, aber feine ausstellungsr\u00e4ume, in denen seither periodisch werke der k\u00fcnstler:innen der galerie pr\u00e4sentiert werden. <\/p>\n\n\n\n<div style=\"height:40px\" aria-hidden=\"true\" class=\"wp-block-spacer\"><\/div>\n\n\n\n<p>messebeteiligungen: <br>art cologne, artforum berlin, kunstmesse frankfurt, kunst z\u00fcrich. <\/p>\n<\/div>\n\n\n\n<div class=\"wp-block-column is-layout-flow wp-block-column-is-layout-flow\"><\/div>\n<\/div>\n","protected":false},"excerpt":{"rendered":"<p>galerie marianne grob marianne grob gr\u00fcndete die galerie 1985 in luzern \u2013 mit einem fokus auf aktuelle positionen der malerei, fotografie und arbeiten auf papier. 1993 folgte die erweiterung um einen standort in berlin-kreuzberg, ab 1999 bis 2013 war die galerie in der linienstra\u00dfe in berlin-mitte pr\u00e4sent. dort wurden in gro\u00dfz\u00fcgigen, attraktiven r\u00e4umen zahlreiche erfolgreiche [&hellip;]<\/p>\n","protected":false},"author":1,"featured_media":0,"parent":0,"menu_order":0,"comment_status":"closed","ping_status":"closed","template":"","meta":{"footnotes":""},"class_list":["post-14","page","type-page","status-publish","hentry"],"_links":{"self":[{"href":"https:\/\/galeriemariannegrob.com\/index.php?rest_route=\/wp\/v2\/pages\/14","targetHints":{"allow":["GET"]}}],"collection":[{"href":"https:\/\/galeriemariannegrob.com\/index.php?rest_route=\/wp\/v2\/pages"}],"about":[{"href":"https:\/\/galeriemariannegrob.com\/index.php?rest_route=\/wp\/v2\/types\/page"}],"author":[{"embeddable":true,"href":"https:\/\/galeriemariannegrob.com\/index.php?rest_route=\/wp\/v2\/users\/1"}],"replies":[{"embeddable":true,"href":"https:\/\/galeriemariannegrob.com\/index.php?rest_route=%2Fwp%2Fv2%2Fcomments&post=14"}],"version-history":[{"count":45,"href":"https:\/\/galeriemariannegrob.com\/index.php?rest_route=\/wp\/v2\/pages\/14\/revisions"}],"predecessor-version":[{"id":4113,"href":"https:\/\/galeriemariannegrob.com\/index.php?rest_route=\/wp\/v2\/pages\/14\/revisions\/4113"}],"wp:attachment":[{"href":"https:\/\/galeriemariannegrob.com\/index.php?rest_route=%2Fwp%2Fv2%2Fmedia&parent=14"}],"curies":[{"name":"wp","href":"https:\/\/api.w.org\/{rel}","templated":true}]}}